


{"id":2177,"date":"2013-11-12T15:14:49","date_gmt":"2013-11-12T15:14:49","guid":{"rendered":"http:\/\/ionempire.com\/cva\/?page_id=2177"},"modified":"2021-04-29T12:47:26","modified_gmt":"2021-04-29T12:47:26","slug":"condition-dutilisation","status":"publish","type":"page","link":"https:\/\/cva-acfp.org\/fr\/condition-dutilisation\/","title":{"rendered":"Conditions d&rsquo;utilisation"},"content":{"rendered":"<p>Le contenu du site web ainsi que tout le site sont la propri\u00e9t\u00e9 exclusive de Canadian Vocational Association &#8211; Association canadienne de la formation professionnelle (CVA-ACFP). Les textes, les images, les vid\u00e9os sont prot\u00e9g\u00e9es par droits d&rsquo;auteur. Aucune partie de ce site web ne peut \u00eatre copi\u00e9e, publi\u00e9e, reproduite, distribu\u00e9e, sous quelque forme et par quelque moyen que ce soit, et aucune utilisation ne peut \u00eatre faite sans l\u2019accord de CVA-ACFP.<\/p>\n<p>Ce site web et son contenu sont pr\u00e9sent\u00e9s \u00e0 titre d\u2019information et le CVA-ACFP ne pourra \u00eatre tenu responsable de tout dommage relatif \u00e0 son utilisation. L\u2019information contenue dans ce site n\u2019a pas de valeur de conseil ni l\u00e9gal et ne pourrait en aucun temps remplacer la loi ou l\u2019avis d\u2019un professionnel comp\u00e9tent dans le domaine de la formation professionnelle.<\/p>\n<p>Le CVA-ACFP autorise les liens vers son site mais les pages doivent appara\u00eetre dans des fen\u00eatres ind\u00e9pendantes et ne doivent en aucun temps \u00eatre plac\u00e9es dans des cadres ou syst\u00e8me qui emp\u00eacherait le visiteur de voir l\u2019adresse originale de la page.<\/p>\n<p>Le CVA-ACP n&rsquo;assume aucune responsabilit\u00e9 \u00e0 l&rsquo;\u00e9gard du contenu des sites qui font r\u00e9f\u00e9rence \u00e0 son site web. De plus, les sites r\u00e9f\u00e9renc\u00e9s dans le site web du CVA-ACFP sont pr\u00e9sent\u00e9s \u00e0 titre d\u2019information et le CVA-ACFP n\u2019est pas responsable du contenu des sites dont il n\u2019a pas le contr\u00f4le.<\/p>\n<p>\u00a9 2021 Canadian Vocational Association &#8211; Association canadienne de la formation professionnelle (CVA-ACFP) &#8211; tous droits r\u00e9serv\u00e9s.<\/p>\n","protected":false},"excerpt":{"rendered":"<p>Le contenu du site web ainsi que tout le site sont la propri\u00e9t\u00e9 exclusive de Canadian Vocational Association &#8211; Association canadienne de la formation professionnelle (CVA-ACFP). Les textes, les images, les vid\u00e9os sont prot\u00e9g\u00e9es par droits d&rsquo;auteur. Aucune partie de <span class=\"excerpt-dots\">&hellip;<\/span> <a class=\"more-link\" href=\"https:\/\/cva-acfp.org\/fr\/condition-dutilisation\/\"><span class=\"more-msg\">Lire la suite &rarr;<\/span><\/a><\/p>\n","protected":false},"author":7,"featured_media":0,"parent":0,"menu_order":830,"comment_status":"closed","ping_status":"closed","template":"","meta":{"_monsterinsights_skip_tracking":false,"_monsterinsights_sitenote_active":false,"_monsterinsights_sitenote_note":"","_monsterinsights_sitenote_category":0,"footnotes":""},"class_list":["post-2177","page","type-page","status-publish","hentry"],"_links":{"self":[{"href":"https:\/\/cva-acfp.org\/fr\/wp-json\/wp\/v2\/pages\/2177","targetHints":{"allow":["GET"]}}],"collection":[{"href":"https:\/\/cva-acfp.org\/fr\/wp-json\/wp\/v2\/pages"}],"about":[{"href":"https:\/\/cva-acfp.org\/fr\/wp-json\/wp\/v2\/types\/page"}],"author":[{"embeddable":true,"href":"https:\/\/cva-acfp.org\/fr\/wp-json\/wp\/v2\/users\/7"}],"replies":[{"embeddable":true,"href":"https:\/\/cva-acfp.org\/fr\/wp-json\/wp\/v2\/comments?post=2177"}],"version-history":[{"count":3,"href":"https:\/\/cva-acfp.org\/fr\/wp-json\/wp\/v2\/pages\/2177\/revisions"}],"predecessor-version":[{"id":8930,"href":"https:\/\/cva-acfp.org\/fr\/wp-json\/wp\/v2\/pages\/2177\/revisions\/8930"}],"wp:attachment":[{"href":"https:\/\/cva-acfp.org\/fr\/wp-json\/wp\/v2\/media?parent=2177"}],"curies":[{"name":"wp","href":"https:\/\/api.w.org\/{rel}","templated":true}]}}