


{"id":2160,"date":"2013-11-12T15:10:00","date_gmt":"2013-11-12T15:10:00","guid":{"rendered":"http:\/\/ionempire.com\/cva\/?page_id=2160"},"modified":"2021-04-27T21:25:39","modified_gmt":"2021-04-27T21:25:39","slug":"declaration-de-confidentialite","status":"publish","type":"page","link":"https:\/\/cva-acfp.org\/fr\/declaration-de-confidentialite\/","title":{"rendered":"Politique de Confidentialit\u00e9"},"content":{"rendered":"<p>Le site du Canadian Vocational Association &#8211; Association canadienne de la formation professionnelle (CVA-ACFP) est la propri\u00e9t\u00e9 de l\u2019association.<\/p>\n<p>Cette d\u00e9claration de confidentialit\u00e9 pr\u00e9sente les principes sur lesquels reposent l\u2019utilisation des renseignements utilis\u00e9s par le CVA-ACFP dans l\u2019op\u00e9ration de son site web et des services qu\u2019ils proposent aux visiteurs ou \u00e0 ses membres.<\/p>\n<p>Le CVA-ACFP est responsable de tous les renseignements personnels qu\u2019il poss\u00e8de et qu\u2019il a obtenu directement des visiteurs et de ses membres. Ces renseignements sont recueillis pour principalement fournir des services demand\u00e9s par les visiteurs ou par les membres.<\/p>\n<p>Le CVA-ACFP ne vend, ni ne loue, ni ne pr\u00eate aucune information recueillie.<\/p>\n<p>Lorsque le CVA-ACFP recueille de l\u2019information, il pr\u00e9cise les buts de la collecte et l\u2019utilisateur doit comprendre pourquoi et comment sera utilis\u00e9 l\u2019information recueillie.<\/p>\n<p>Le CVA-ACFP s\u2019assure lors de la collecte d\u2019information d\u2019obtenir votre consentement avant de proc\u00e9der \u00e0 la transmission de votre information.<\/p>\n","protected":false},"excerpt":{"rendered":"<p>Le site du Canadian Vocational Association &#8211; Association canadienne de la formation professionnelle (CVA-ACFP) est la propri\u00e9t\u00e9 de l\u2019association. Cette d\u00e9claration de confidentialit\u00e9 pr\u00e9sente les principes sur lesquels reposent l\u2019utilisation des renseignements utilis\u00e9s par le CVA-ACFP dans l\u2019op\u00e9ration de son <span class=\"excerpt-dots\">&hellip;<\/span> <a class=\"more-link\" href=\"https:\/\/cva-acfp.org\/fr\/declaration-de-confidentialite\/\"><span class=\"more-msg\">Lire la suite &rarr;<\/span><\/a><\/p>\n","protected":false},"author":7,"featured_media":0,"parent":0,"menu_order":820,"comment_status":"closed","ping_status":"closed","template":"","meta":{"_monsterinsights_skip_tracking":false,"_monsterinsights_sitenote_active":false,"_monsterinsights_sitenote_note":"","_monsterinsights_sitenote_category":0,"footnotes":""},"class_list":["post-2160","page","type-page","status-publish","hentry"],"_links":{"self":[{"href":"https:\/\/cva-acfp.org\/fr\/wp-json\/wp\/v2\/pages\/2160","targetHints":{"allow":["GET"]}}],"collection":[{"href":"https:\/\/cva-acfp.org\/fr\/wp-json\/wp\/v2\/pages"}],"about":[{"href":"https:\/\/cva-acfp.org\/fr\/wp-json\/wp\/v2\/types\/page"}],"author":[{"embeddable":true,"href":"https:\/\/cva-acfp.org\/fr\/wp-json\/wp\/v2\/users\/7"}],"replies":[{"embeddable":true,"href":"https:\/\/cva-acfp.org\/fr\/wp-json\/wp\/v2\/comments?post=2160"}],"version-history":[{"count":2,"href":"https:\/\/cva-acfp.org\/fr\/wp-json\/wp\/v2\/pages\/2160\/revisions"}],"predecessor-version":[{"id":8865,"href":"https:\/\/cva-acfp.org\/fr\/wp-json\/wp\/v2\/pages\/2160\/revisions\/8865"}],"wp:attachment":[{"href":"https:\/\/cva-acfp.org\/fr\/wp-json\/wp\/v2\/media?parent=2160"}],"curies":[{"name":"wp","href":"https:\/\/api.w.org\/{rel}","templated":true}]}}