


{"id":2130,"date":"2013-11-12T15:01:19","date_gmt":"2013-11-12T15:01:19","guid":{"rendered":"http:\/\/ionempire.com\/cva\/?page_id=2130"},"modified":"2023-01-15T21:34:09","modified_gmt":"2023-01-15T21:34:09","slug":"inscription-aux-formations","status":"publish","type":"page","link":"https:\/\/cva-acfp.org\/fr\/inscription-aux-formations\/","title":{"rendered":"Inscription"},"content":{"rendered":"<div id=\"pl-2130\"  class=\"panel-layout\" ><div id=\"pg-2130-0\"  class=\"panel-grid panel-no-style\" ><div id=\"pgc-2130-0-0\"  class=\"panel-grid-cell\" ><div id=\"panel-2130-0-0-0\" class=\"so-panel widget widget_sow-editor panel-first-child widgetopts-SO\" data-index=\"0\" ><div\n\t\t\t\n\t\t\tclass=\"so-widget-sow-editor so-widget-sow-editor-base\"\n\t\t\t\n\t\t>\n<div class=\"siteorigin-widget-tinymce textwidget\">\n\t<h2>Liste des ateliers<\/h2>\n<p>Tous les ateliers sont offerts en mode virtuel \u00e0 moins que la demande soit suffisante pour une diffusion en mode pr\u00e9sentiel. L'ACFP verra \u00e0 satisfaire toute requ\u00eate ayant pour objet de diffuser un atelier DACUM sp\u00e9cifiquement pour une organisation qui en fait la demande, \u00e0 la condition que celle-ci s'engage \u00e0 y inscrire un nombre minimal de participants.<\/p>\n<\/div>\n<\/div><\/div><div id=\"panel-2130-0-0-1\" class=\"so-panel widget widget_sow-editor widgetopts-SO\" data-index=\"1\" ><div\n\t\t\t\n\t\t\tclass=\"so-widget-sow-editor so-widget-sow-editor-base\"\n\t\t\t\n\t\t>\n<div class=\"siteorigin-widget-tinymce textwidget\">\n\t<h3>DACUM I<\/h3>\n<\/div>\n<\/div><\/div><div id=\"panel-2130-0-0-2\" class=\"so-panel widget widget_eo_event_list_widget EO_Event_List_Widget widgetopts-SO\" data-index=\"2\" ><div class=\"panel-widget-style panel-widget-style-for-2130-0-0-2\" ><ul  class=\"eo-events eo-events-widget\"><li class=\"eo-event-venue-virtual-2 eo-event-cat-dacum-i eo-event-future eo-multi-day eo-all-day\"><a href=\"https:\/\/cva-acfp.org\/fr\/events\/event\/dacum-i-en-6\/\">DACUM I (EN)<\/a><br>DACUM I Training Module : DACUM Analysis Facilitator<br\/><strong>Virtual<\/strong><br><strong>13 Avr au 17 Avr 2026<\/strong><br\/><\/li><li class=\"eo-event-cat-dacum-i eo-event-future eo-multi-day eo-all-day\"><a href=\"https:\/\/cva-acfp.org\/fr\/events\/event\/dacum-i-fr-2\/\">DACUM I (FR)<\/a><br>DACUM I \u2013 Facilitateur d\u2019analyses DACUM<br\/><strong><\/strong><br><strong>27 Avr au 1 Mai 2026<\/strong><br\/><\/li><li class=\"eo-event-venue-toronto-on eo-event-cat-dacum-i eo-event-future eo-multi-day eo-all-day\"><a href=\"https:\/\/cva-acfp.org\/fr\/events\/event\/dacum-i-en-7\/\">DACUM I (EN)<\/a><br>DACUM I Training Module : DACUM Analysis Facilitator<br\/><strong>Toronto, ON<\/strong><br><strong>24 Sep au 28 Sep 2026<\/strong><br\/><\/li><\/ul><\/div><\/div><div id=\"panel-2130-0-0-3\" class=\"so-panel widget widget_sow-editor widgetopts-SO\" data-index=\"3\" ><div\n\t\t\t\n\t\t\tclass=\"so-widget-sow-editor so-widget-sow-editor-base\"\n\t\t\t\n\t\t>\n<div class=\"siteorigin-widget-tinymce textwidget\">\n\t<h3>DACUM II<\/h3>\n<\/div>\n<\/div><\/div><div id=\"panel-2130-0-0-4\" class=\"so-panel widget widget_eo_event_list_widget EO_Event_List_Widget widgetopts-SO\" data-index=\"4\" ><ul  class=\"eo-events eo-events-widget\"><li class=\"eo-event-venue-virtual-2 eo-event-cat-dacum-ii eo-event-future eo-multi-day eo-all-day\"><a href=\"https:\/\/cva-acfp.org\/fr\/events\/event\/dacum-ii-en-6\/\">DACUM II (EN)<\/a><br>DACUM II Training Module: DACUM and CBT Programme Development Facilitator<br\/><strong>Virtual<\/strong><br><strong>24 Ao\u00fbt au 28 Ao\u00fbt 2026<\/strong><br\/><\/li><\/ul><\/div><div id=\"panel-2130-0-0-5\" class=\"so-panel widget widget_sow-editor widgetopts-SO\" data-index=\"5\" ><div\n\t\t\t\n\t\t\tclass=\"so-widget-sow-editor so-widget-sow-editor-base\"\n\t\t\t\n\t\t>\n<div class=\"siteorigin-widget-tinymce textwidget\">\n\t<p><img loading=\"lazy\" decoding=\"async\" class=\"alignleft wp-image-9856\" src=\"https:\/\/cva-acfp.org\/wp-content\/uploads\/DACUMPlus-trademark_logo-opt-300x48.png\" alt=\"\" width=\"130\" height=\"21\" srcset=\"https:\/\/cva-acfp.org\/wp-content\/uploads\/DACUMPlus-trademark_logo-opt-300x48.png 300w, https:\/\/cva-acfp.org\/wp-content\/uploads\/DACUMPlus-trademark_logo-opt-768x122.png 768w, https:\/\/cva-acfp.org\/wp-content\/uploads\/DACUMPlus-trademark_logo-opt.png 820w\" sizes=\"auto, (max-width: 130px) 100vw, 130px\" \/><\/p>\n<\/div>\n<\/div><\/div><div id=\"panel-2130-0-0-6\" class=\"so-panel widget widget_eo_event_list_widget EO_Event_List_Widget panel-last-child widgetopts-SO\" data-index=\"6\" ><div class=\"panel-widget-style panel-widget-style-for-2130-0-0-6\" ><ul  class=\"eo-events eo-events-widget\"><li class=\"eo-no-events\">Pas d'atelier<\/li><\/ul><\/div><\/div><\/div><div id=\"pgc-2130-0-1\"  class=\"panel-grid-cell\" ><div class=\"panel-cell-style panel-cell-style-for-2130-0-1\" ><div id=\"panel-2130-0-1-0\" class=\"so-panel widget widget_sow-editor panel-first-child widgetopts-SO\" data-index=\"7\" ><div\n\t\t\t\n\t\t\tclass=\"so-widget-sow-editor so-widget-sow-editor-base\"\n\t\t\t\n\t\t>\n<div class=\"siteorigin-widget-tinymce textwidget\">\n\t<h2>Formulaire d'inscription<\/h2>\n<\/div>\n<\/div><\/div><div id=\"panel-2130-0-1-1\" class=\"widget_text so-panel widget widget_custom_html panel-last-child widgetopts-SO\" data-index=\"8\" ><div class=\"textwidget custom-html-widget\">\n<div class=\"wpcf7 no-js\" id=\"wpcf7-f2298-o1\" lang=\"fr-FR\" dir=\"ltr\" data-wpcf7-id=\"2298\">\n<div class=\"screen-reader-response\"><p role=\"status\" aria-live=\"polite\" aria-atomic=\"true\"><\/p> <ul><\/ul><\/div>\n<form action=\"\/fr\/wp-json\/wp\/v2\/pages\/2130#wpcf7-f2298-o1\" method=\"post\" class=\"wpcf7-form init\" aria-label=\"Formulaire de contact\" enctype=\"multipart\/form-data\" novalidate=\"novalidate\" data-status=\"init\">\n<fieldset class=\"hidden-fields-container\"><input type=\"hidden\" name=\"_wpcf7\" value=\"2298\" \/><input type=\"hidden\" name=\"_wpcf7_version\" value=\"6.1.4\" \/><input type=\"hidden\" name=\"_wpcf7_locale\" value=\"fr_FR\" \/><input type=\"hidden\" name=\"_wpcf7_unit_tag\" value=\"wpcf7-f2298-o1\" \/><input type=\"hidden\" name=\"_wpcf7_container_post\" value=\"0\" \/><input type=\"hidden\" name=\"_wpcf7_posted_data_hash\" value=\"\" \/><input type=\"hidden\" name=\"_wpcf7cf_hidden_group_fields\" value=\"[]\" \/><input type=\"hidden\" name=\"_wpcf7cf_hidden_groups\" value=\"[]\" \/><input type=\"hidden\" name=\"_wpcf7cf_visible_groups\" value=\"[]\" \/><input type=\"hidden\" name=\"_wpcf7cf_repeaters\" value=\"[]\" \/><input type=\"hidden\" name=\"_wpcf7cf_steps\" value=\"{}\" \/><input type=\"hidden\" name=\"_wpcf7cf_options\" value=\"{&quot;form_id&quot;:2298,&quot;conditions&quot;:[{&quot;then_field&quot;:&quot;group-DACUM-analyste&quot;,&quot;and_rules&quot;:[{&quot;if_field&quot;:&quot;program-certification&quot;,&quot;operator&quot;:&quot;equals&quot;,&quot;if_value&quot;:&quot;Analiste-facilitateur DACUM (Certificat I)&quot;}]},{&quot;then_field&quot;:&quot;group-certificat-II&quot;,&quot;and_rules&quot;:[{&quot;if_field&quot;:&quot;program-certification&quot;,&quot;operator&quot;:&quot;equals&quot;,&quot;if_value&quot;:&quot;CBT Programme de certification international pour les facilitateurs de d\\u00e9veloppement (certificat II)&quot;}]},{&quot;then_field&quot;:&quot;group-certification&quot;,&quot;and_rules&quot;:[{&quot;if_field&quot;:&quot;event-list&quot;,&quot;operator&quot;:&quot;equals&quot;,&quot;if_value&quot;:&quot;&quot;}]},{&quot;then_field&quot;:&quot;group-atelier&quot;,&quot;and_rules&quot;:[{&quot;if_field&quot;:&quot;program-certification&quot;,&quot;operator&quot;:&quot;equals&quot;,&quot;if_value&quot;:&quot;&quot;}]}],&quot;settings&quot;:{&quot;animation&quot;:&quot;yes&quot;,&quot;animation_intime&quot;:200,&quot;animation_outtime&quot;:200,&quot;conditions_ui&quot;:&quot;normal&quot;,&quot;notice_dismissed&quot;:false,&quot;notice_dismissed_update-cf7-5.4.1&quot;:true,&quot;notice_dismissed_rollback-cf7-5.9.4&quot;:true,&quot;notice_dismissed_rollback-cf7-5.9.5&quot;:true}}\" \/><input type=\"hidden\" name=\"_wpcf7_recaptcha_response\" value=\"\" \/>\n<\/fieldset>\n<p>Pr\u00e9nom (obligatoire)<br \/>\n<span class=\"wpcf7-form-control-wrap\" data-name=\"first-name\"><input size=\"40\" maxlength=\"400\" class=\"wpcf7-form-control wpcf7-text wpcf7-validates-as-required\" aria-required=\"true\" aria-invalid=\"false\" value=\"\" type=\"text\" name=\"first-name\" \/><\/span>\n<\/p>\n<p>Nom (obligatoire)<br \/>\n<span class=\"wpcf7-form-control-wrap\" data-name=\"last-name\"><input size=\"40\" maxlength=\"400\" class=\"wpcf7-form-control wpcf7-text wpcf7-validates-as-required\" aria-required=\"true\" aria-invalid=\"false\" value=\"\" type=\"text\" name=\"last-name\" \/><\/span>\n<\/p>\n<p>Fonction (obligatoire)<br \/>\n<span class=\"wpcf7-form-control-wrap\" data-name=\"employment-title\"><input size=\"40\" maxlength=\"400\" class=\"wpcf7-form-control wpcf7-text wpcf7-validates-as-required\" aria-required=\"true\" aria-invalid=\"false\" value=\"\" type=\"text\" name=\"employment-title\" \/><\/span>\n<\/p>\n<p>Employeur (obligatoire)<br \/>\n<span class=\"wpcf7-form-control-wrap\" data-name=\"employer-organisation\"><input size=\"40\" maxlength=\"400\" class=\"wpcf7-form-control wpcf7-text wpcf7-validates-as-required\" aria-required=\"true\" aria-invalid=\"false\" value=\"\" type=\"text\" name=\"employer-organisation\" \/><\/span>\n<\/p>\n<p>T\u00e9l\u00e9phone (obligatoire)<br \/>\n<span class=\"wpcf7-form-control-wrap\" data-name=\"telephone\"><input size=\"40\" maxlength=\"400\" class=\"wpcf7-form-control wpcf7-tel wpcf7-validates-as-required wpcf7-text wpcf7-validates-as-tel\" aria-required=\"true\" aria-invalid=\"false\" value=\"\" type=\"tel\" name=\"telephone\" \/><\/span>\n<\/p>\n<p>Pays (obligatoire)<br \/>\n<span class=\"wpcf7-form-control-wrap\" data-name=\"country\"><select class=\"wpcf7-form-control wpcf7-select wpcf7-validates-as-required\" aria-required=\"true\" aria-invalid=\"false\" name=\"country\"><option value=\"\">&#8212;Veuillez choisir une option&#8212;<\/option><option value=\"Canada\">Canada<\/option><option value=\"France\">France<\/option><option value=\"Afghanistan\">Afghanistan<\/option><option value=\"Afrique du Sud\">Afrique du Sud<\/option><option value=\"Albanie\">Albanie<\/option><option value=\"Alg\u00e9rie\">Alg\u00e9rie<\/option><option value=\"Allemagne\">Allemagne<\/option><option value=\"Andorre\">Andorre<\/option><option value=\"Angola\">Angola<\/option><option value=\"Antigua-et-Barbuda\">Antigua-et-Barbuda<\/option><option value=\"Arabie saoudite\">Arabie saoudite<\/option><option value=\"Argentine\">Argentine<\/option><option value=\"Arm\u00e9nie\">Arm\u00e9nie<\/option><option value=\"Australie\">Australie<\/option><option value=\"Autriche\">Autriche<\/option><option value=\"Azerba\u00efdjan\">Azerba\u00efdjan<\/option><option value=\"Bahamas\">Bahamas<\/option><option value=\"Bahre\u00efn\">Bahre\u00efn<\/option><option value=\"Bangladesh\">Bangladesh<\/option><option value=\"Barbade\">Barbade<\/option><option value=\"Bi\u00e9lorussie\">Bi\u00e9lorussie<\/option><option value=\"Belgique\">Belgique<\/option><option value=\"Belize\">Belize<\/option><option value=\"B\u00e9nin\">B\u00e9nin<\/option><option value=\"Bhoutan\">Bhoutan<\/option><option value=\"Birmanie\">Birmanie<\/option><option value=\"Bolivie\">Bolivie<\/option><option value=\"Bosnie-Herz\u00e9govine\">Bosnie-Herz\u00e9govine<\/option><option value=\"Botswana\">Botswana<\/option><option value=\"Br\u00e9sil\">Br\u00e9sil<\/option><option value=\"Brunei\">Brunei<\/option><option value=\"Bulgarie\">Bulgarie<\/option><option value=\"Burkina Faso\">Burkina Faso<\/option><option value=\"Burundi\">Burundi<\/option><option value=\"Cambodge\">Cambodge<\/option><option value=\"Cameroun\">Cameroun<\/option><option value=\"Cap-Vert\">Cap-Vert<\/option><option value=\"Centrafrique\">Centrafrique<\/option><option value=\"Chili\">Chili<\/option><option value=\"Chine\">Chine<\/option><option value=\"Chypre\">Chypre<\/option><option value=\"Colombie\">Colombie<\/option><option value=\"Comores\">Comores<\/option><option value=\"R\u00e9publique du Congo\">R\u00e9publique du Congo<\/option><option value=\"R\u00e9publique d\u00e9mocratique du Congo\">R\u00e9publique d\u00e9mocratique du Congo<\/option><option value=\"Cor\u00e9e du Nord\">Cor\u00e9e du Nord<\/option><option value=\"Cor\u00e9e du Sud\">Cor\u00e9e du Sud<\/option><option value=\"Costa Rica\">Costa Rica<\/option><option value=\"C\u00f4te d&#039;Ivoire\">C\u00f4te d&#039;Ivoire<\/option><option value=\"Croatie\">Croatie<\/option><option value=\"Cuba\">Cuba<\/option><option value=\"Danemark\">Danemark<\/option><option value=\"Djibouti\">Djibouti<\/option><option value=\"R\u00e9publique dominicaine\">R\u00e9publique dominicaine<\/option><option value=\"Dominique\">Dominique<\/option><option value=\"\u00c9gypte\">\u00c9gypte<\/option><option value=\"\u00c9mirats arabes unis\">\u00c9mirats arabes unis<\/option><option value=\"\u00c9quateur\">\u00c9quateur<\/option><option value=\"\u00c9rythr\u00e9e\">\u00c9rythr\u00e9e<\/option><option value=\"Espagne\">Espagne<\/option><option value=\"Estonie\">Estonie<\/option><option value=\"\u00c9tats-Unis\">\u00c9tats-Unis<\/option><option value=\"\u00c9thiopie\">\u00c9thiopie<\/option><option value=\"Fidji\">Fidji<\/option><option value=\"Finlande\">Finlande<\/option><option value=\"Gabon\">Gabon<\/option><option value=\"Gambie\">Gambie<\/option><option value=\"G\u00e9orgie\">G\u00e9orgie<\/option><option value=\"Ghana\">Ghana<\/option><option value=\"Gr\u00e8ce\">Gr\u00e8ce<\/option><option value=\"Grenade\">Grenade<\/option><option value=\"Guatemala\">Guatemala<\/option><option value=\"Guin\u00e9e\">Guin\u00e9e<\/option><option value=\"Guin\u00e9e-Bissau\">Guin\u00e9e-Bissau<\/option><option value=\"Guin\u00e9e \u00e9quatoriale\">Guin\u00e9e \u00e9quatoriale<\/option><option value=\"Guyana\">Guyana<\/option><option value=\"Ha\u00efti\">Ha\u00efti<\/option><option value=\"Honduras\">Honduras<\/option><option value=\"Hongrie\">Hongrie<\/option><option value=\"Inde\">Inde<\/option><option value=\"Indon\u00e9sie\">Indon\u00e9sie<\/option><option value=\"Irak\">Irak<\/option><option value=\"Iran\">Iran<\/option><option value=\"Irlande\">Irlande<\/option><option value=\"Islande\">Islande<\/option><option value=\"Isra\u00ebl\">Isra\u00ebl<\/option><option value=\"Italie\">Italie<\/option><option value=\"Jama\u00efque\">Jama\u00efque<\/option><option value=\"Japon\">Japon<\/option><option value=\"Jordanie\">Jordanie<\/option><option value=\"Kazakhstan\">Kazakhstan<\/option><option value=\"Kenya\">Kenya<\/option><option value=\"Kirghizistan\">Kirghizistan<\/option><option value=\"Kiribati\">Kiribati<\/option><option value=\"Kowe\u00eft\">Kowe\u00eft<\/option><option value=\"Laos\">Laos<\/option><option value=\"Lesotho\">Lesotho<\/option><option value=\"Lettonie\">Lettonie<\/option><option value=\"Liban\">Liban<\/option><option value=\"Liberia\">Liberia<\/option><option value=\"Libye\">Libye<\/option><option value=\"Liechtenstein\">Liechtenstein<\/option><option value=\"Lituanie\">Lituanie<\/option><option value=\"Luxembourg\">Luxembourg<\/option><option value=\"R\u00e9publique de Mac\u00e9doine\">R\u00e9publique de Mac\u00e9doine<\/option><option value=\"Madagascar\">Madagascar<\/option><option value=\"Malaisie\">Malaisie<\/option><option value=\"Malawi\">Malawi<\/option><option value=\"Maldives\">Maldives<\/option><option value=\"Mali\">Mali<\/option><option value=\"Malte\">Malte<\/option><option value=\"Maroc\">Maroc<\/option><option value=\"\u00celes Marshall\">\u00celes Marshall<\/option><option value=\"Maurice\">Maurice<\/option><option value=\"Mauritanie\">Mauritanie<\/option><option value=\"Mexique\">Mexique<\/option><option value=\"Micron\u00e9sie\">Micron\u00e9sie<\/option><option value=\"Moldavie\">Moldavie<\/option><option value=\"Monaco\">Monaco<\/option><option value=\"Mongolie\">Mongolie<\/option><option value=\"Mont\u00e9n\u00e9gro\">Mont\u00e9n\u00e9gro<\/option><option value=\"Mozambique\">Mozambique<\/option><option value=\"Namibie\">Namibie<\/option><option value=\"Nauru\">Nauru<\/option><option value=\"N\u00e9pal\">N\u00e9pal<\/option><option value=\"Nicaragua\">Nicaragua<\/option><option value=\"Niger\">Niger<\/option><option value=\"Nigeria\">Nigeria<\/option><option value=\"Norv\u00e8ge\">Norv\u00e8ge<\/option><option value=\"Nouvelle-Z\u00e9lande\">Nouvelle-Z\u00e9lande<\/option><option value=\"Oman\">Oman<\/option><option value=\"Ouganda\">Ouganda<\/option><option value=\"Ouzb\u00e9kistan\">Ouzb\u00e9kistan<\/option><option value=\"Pakistan\">Pakistan<\/option><option value=\"Palaos\">Palaos<\/option><option value=\"Panama\">Panama<\/option><option value=\"Papouasie-Nouvelle-Guin\u00e9e\">Papouasie-Nouvelle-Guin\u00e9e<\/option><option value=\"Paraguay\">Paraguay<\/option><option value=\"Pays-Bas\">Pays-Bas<\/option><option value=\"P\u00e9rou\">P\u00e9rou<\/option><option value=\"Philippines\">Philippines<\/option><option value=\"Pologne\">Pologne<\/option><option value=\"Portugal\">Portugal<\/option><option value=\"Qatar\">Qatar<\/option><option value=\"R\u00e9publique tch\u00e8que\">R\u00e9publique tch\u00e8que<\/option><option value=\"Russie\">Russie<\/option><option value=\"Roumanie\">Roumanie<\/option><option value=\"Royaume-Uni\">Royaume-Uni<\/option><option value=\"Rwanda\">Rwanda<\/option><option value=\"Sainte-Lucie\">Sainte-Lucie<\/option><option value=\"Saint-Christophe-et-Ni\u00e9v\u00e8s\">Saint-Christophe-et-Ni\u00e9v\u00e8s<\/option><option value=\"Saint-Marin\">Saint-Marin<\/option><option value=\"Saint-Vincent-et-les Grenadines\">Saint-Vincent-et-les Grenadines<\/option><option value=\"Salomon\">Salomon<\/option><option value=\"Salvador\">Salvador<\/option><option value=\"Samoa\">Samoa<\/option><option value=\"Sao Tom\u00e9-et-Principe\">Sao Tom\u00e9-et-Principe<\/option><option value=\"S\u00e9n\u00e9gal\">S\u00e9n\u00e9gal<\/option><option value=\"Serbie\">Serbie<\/option><option value=\"Seychelles\">Seychelles<\/option><option value=\"Sierra Leone\">Sierra Leone<\/option><option value=\"Singapour\">Singapour<\/option><option value=\"Slovaquie\">Slovaquie<\/option><option value=\"Slov\u00e9nie\">Slov\u00e9nie<\/option><option value=\"Somalie\">Somalie<\/option><option value=\"Soudan\">Soudan<\/option><option value=\"Soudan du Sud\">Soudan du Sud<\/option><option value=\"Sri Lanka\">Sri Lanka<\/option><option value=\"Su\u00e8de\">Su\u00e8de<\/option><option value=\"Suisse\">Suisse<\/option><option value=\"Suriname\">Suriname<\/option><option value=\"Swaziland\">Swaziland<\/option><option value=\"Syrie\">Syrie<\/option><option value=\"Tadjikistan\">Tadjikistan<\/option><option value=\"Tanzanie\">Tanzanie<\/option><option value=\"Tchad\">Tchad<\/option><option value=\"Tha\u00eflande\">Tha\u00eflande<\/option><option value=\"Timor oriental\">Timor oriental<\/option><option value=\"Togo\">Togo<\/option><option value=\"Tonga\">Tonga<\/option><option value=\"Trinit\u00e9-et-Tobago\">Trinit\u00e9-et-Tobago<\/option><option value=\"Tunisie\">Tunisie<\/option><option value=\"Turkm\u00e9nistan\">Turkm\u00e9nistan<\/option><option value=\"Turquie\">Turquie<\/option><option value=\"Tuvalu\">Tuvalu<\/option><option value=\"Ukraine\">Ukraine<\/option><option value=\"Uruguay\">Uruguay<\/option><option value=\"Vanuatu\">Vanuatu<\/option><option value=\"Venezuela\">Venezuela<\/option><option value=\"Vi\u00eat Nam\">Vi\u00eat Nam<\/option><option value=\"Y\u00e9men\">Y\u00e9men<\/option><option value=\"Zambie\">Zambie<\/option><option value=\"Zimbabwe\">Zimbabwe<\/option><\/select><\/span>\n<\/p>\n<p>Adresse courriel (obligatoire)<br \/>\n<span class=\"wpcf7-form-control-wrap\" data-name=\"your-email\"><input size=\"40\" maxlength=\"400\" class=\"wpcf7-form-control wpcf7-email wpcf7-validates-as-required wpcf7-text wpcf7-validates-as-email\" aria-required=\"true\" aria-invalid=\"false\" value=\"\" type=\"email\" name=\"your-email\" \/><\/span>\n<\/p>\n<div data-id=\"group-atelier\" data-orig_data_id=\"group-atelier\"  class=\"\" data-class=\"wpcf7cf_group\">\n\t<p>Choissisez un Atelier (obligatoire)\n\t<\/p>\n\t<p><span class=\"wpcf7-form-control-wrap\" data-name=\"event-list\"><select class=\"wpcf7-form-control wpcf7-select wpcf7-validates-as-required\" aria-required=\"true\" aria-invalid=\"false\" name=\"event-list\"><option value=\"\">&#8212;Veuillez choisir une option&#8212;<\/option><option value=\"DACUM I (EN) | Virtual | 2026-04-13 \/ 2026-04-17\">DACUM I (EN) | Virtual | 2026-04-13 \/ 2026-04-17<\/option><option value=\"DACUM I (FR) |  | 2026-04-27 \/ 2026-05-01\">DACUM I (FR) |  | 2026-04-27 \/ 2026-05-01<\/option><option value=\"DACUM I (EN) | Toronto, ON | 2026-09-24 \/ 2026-09-28\">DACUM I (EN) | Toronto, ON | 2026-09-24 \/ 2026-09-28<\/option><option value=\"DACUM II (EN) | Virtual | 2026-08-24 \/ 2026-08-28\">DACUM II (EN) | Virtual | 2026-08-24 \/ 2026-08-28<\/option><\/select><\/span>\n\t<\/p>\n\t<p><span style=\"font-size: 0.9em;\">L'atelier DACUM II requiert une formation DACUM I ou une formation similaire.<br \/>\nAvez-vous : Une formation DACUM I ou une formation similaire approuv\u00e9e par le CVA\/ACFP ?<br \/>\nVeuillez joindre une preuve de formation.<\/span>\n\t<\/p>\n<\/div>\n<div data-id=\"group-certification\" data-orig_data_id=\"group-certification\"  class=\"\" data-class=\"wpcf7cf_group\">\n\t<p>Choisissez un programme de certification : (obligatoire)<br \/>\n<span class=\"wpcf7-form-control-wrap\" data-name=\"program-certification\"><select class=\"wpcf7-form-control wpcf7-select wpcf7-validates-as-required\" aria-required=\"true\" aria-invalid=\"false\" name=\"program-certification\"><option value=\"\">&#8212;Veuillez choisir une option&#8212;<\/option><option value=\"Analiste-facilitateur DACUM (Certificat I)\">Analiste-facilitateur DACUM (Certificat I)<\/option><\/select><\/span>\n\t<\/p>\n<\/div>\n<div data-id=\"group-DACUM-analyste\" data-orig_data_id=\"group-DACUM-analyste\"  class=\"\" data-class=\"wpcf7cf_group\">\n\t<p><span style=\"font-size: 0.9em;\">Le pr\u00e9requis pour le programme de certification international d'animateur d'analyse DACUM est le module DACUM I.<br \/>\nVeuillez joindre une preuve de formation.<\/span>\n\t<\/p>\n<\/div>\n<div data-id=\"group-certificat-II\" data-orig_data_id=\"group-certificat-II\"  class=\"\" data-class=\"wpcf7cf_group\">\n\t<p><span style=\"font-size: 0.9em;\">Le programme international de certification de facilitateur de d\u00e9veloppement de programmes CBT (certificat II) requiert la r\u00e9ussite de DACUM I et DACUM II pour \u00eatre admis.<br \/>\nVeuillez joindre une preuve de formation.<\/span>\n\t<\/p>\n<\/div>\n<p>&nbsp;\n<\/p>\n<p>Joindre une preuve de formation : <span style=\"font-size: 0.9em;\">(pdf document. Acceptable file size is 2MB)<\/span><br \/>\n<span class=\"wpcf7-form-control-wrap\" data-name=\"your-file\"><input size=\"40\" class=\"wpcf7-form-control wpcf7-file\" accept=\".pdf\" aria-invalid=\"false\" type=\"file\" name=\"your-file\" \/><\/span>\n<\/p>\n<span class=\"wpcf7-form-control-wrap recaptcha\" data-name=\"recaptcha\"><span data-sitekey=\"6LfMpQIbAAAAAM6pCflUg50D1LPWsfxhFOgPX9ek\" class=\"wpcf7-form-control wpcf7-recaptcha g-recaptcha\"><\/span>\r\n<noscript>\r\n\t<div class=\"grecaptcha-noscript\">\r\n\t\t<iframe loading=\"lazy\" src=\"https:\/\/www.google.com\/recaptcha\/api\/fallback?k=6LfMpQIbAAAAAM6pCflUg50D1LPWsfxhFOgPX9ek\" frameborder=\"0\" scrolling=\"no\" width=\"310\" height=\"430\">\r\n\t\t<\/iframe>\r\n\t\t<textarea name=\"g-recaptcha-response\" rows=\"3\" cols=\"40\" placeholder=\"reCaptcha Response Here\">\r\n\t\t<\/textarea>\r\n\t<\/div>\r\n<\/noscript>\r\n<\/span>\n<p>&nbsp;\n<\/p>\n<p><input class=\"wpcf7-form-control wpcf7-submit has-spinner\" type=\"submit\" value=\"Continuer\" \/>\n<\/p><div class=\"wpcf7-response-output\" aria-hidden=\"true\"><\/div>\n<\/form>\n<\/div>\n<\/div><\/div><\/div><\/div><\/div><\/div>","protected":false},"excerpt":{"rendered":"<p>Inscription aux formations<\/p>\n <a class=\"more-link\" href=\"https:\/\/cva-acfp.org\/fr\/events\/event\/dacum-ii-en-6\/\"><span class=\"more-msg\">Lire la suite &rarr;<\/span><\/a>","protected":false},"author":7,"featured_media":0,"parent":0,"menu_order":810,"comment_status":"closed","ping_status":"closed","template":"","meta":{"_monsterinsights_skip_tracking":false,"_monsterinsights_sitenote_active":false,"_monsterinsights_sitenote_note":"","_monsterinsights_sitenote_category":0,"footnotes":""},"class_list":["post-2130","page","type-page","status-publish","hentry"],"_links":{"self":[{"href":"https:\/\/cva-acfp.org\/fr\/wp-json\/wp\/v2\/pages\/2130","targetHints":{"allow":["GET"]}}],"collection":[{"href":"https:\/\/cva-acfp.org\/fr\/wp-json\/wp\/v2\/pages"}],"about":[{"href":"https:\/\/cva-acfp.org\/fr\/wp-json\/wp\/v2\/types\/page"}],"author":[{"embeddable":true,"href":"https:\/\/cva-acfp.org\/fr\/wp-json\/wp\/v2\/users\/7"}],"replies":[{"embeddable":true,"href":"https:\/\/cva-acfp.org\/fr\/wp-json\/wp\/v2\/comments?post=2130"}],"version-history":[{"count":86,"href":"https:\/\/cva-acfp.org\/fr\/wp-json\/wp\/v2\/pages\/2130\/revisions"}],"predecessor-version":[{"id":11386,"href":"https:\/\/cva-acfp.org\/fr\/wp-json\/wp\/v2\/pages\/2130\/revisions\/11386"}],"wp:attachment":[{"href":"https:\/\/cva-acfp.org\/fr\/wp-json\/wp\/v2\/media?parent=2130"}],"curies":[{"name":"wp","href":"https:\/\/api.w.org\/{rel}","templated":true}]}}