


{"id":11515,"date":"2023-03-06T15:16:31","date_gmt":"2023-03-06T20:16:31","guid":{"rendered":"https:\/\/cva-acfp.org\/?page_id=11515"},"modified":"2024-09-11T16:32:30","modified_gmt":"2024-09-11T20:32:30","slug":"association-canadienne-de-la-formation-professionnelle","status":"publish","type":"page","link":"https:\/\/cva-acfp.org\/fr\/","title":{"rendered":"Association canadienne de la formation professionnelle"},"content":{"rendered":"<div id=\"pl-11515\"  class=\"panel-layout\" ><div id=\"pg-11515-0\"  class=\"panel-grid panel-has-style\" ><div class=\"siteorigin-panels-stretch panel-row-style panel-row-style-for-11515-0\" data-stretch-type=\"full-width-stretch\" ><div id=\"pgc-11515-0-0\"  class=\"panel-grid-cell\" ><div id=\"panel-11515-0-0-0\" class=\"so-panel widget widget_sow-headline panel-first-child widgetopts-SO\" data-index=\"0\" ><div class=\"panel-widget-style panel-widget-style-for-11515-0-0-0\" ><div\n\t\t\t\n\t\t\tclass=\"so-widget-sow-headline so-widget-sow-headline-default-b9bed056a97e-11515\"\n\t\t\t\n\t\t><div class=\"sow-headline-container \">\n\t\t\t\t\t\t\t<h3 class=\"sow-headline\">\n\t\t\t\t\t\tASSOCIATION CANADIENNE DE LA FORMATION PROFESSIONNELLE\t\t\t\t\t\t<\/h3>\n\t\t\t\t\t\t<\/div>\n<\/div><\/div><\/div><div id=\"panel-11515-0-0-1\" class=\"so-panel widget widget_sow-headline panel-last-child widgetopts-SO\" data-index=\"1\" ><div class=\"panel-widget-style panel-widget-style-for-11515-0-0-1\" ><div\n\t\t\t\n\t\t\tclass=\"so-widget-sow-headline so-widget-sow-headline-default-b2d51a7ab878-11515\"\n\t\t\t\n\t\t><div class=\"sow-headline-container \">\n\t\t\t\t\t\t\t<h2 class=\"sow-headline\">\n\t\t\t\t\t\tB\u00e2tir des ponts entre les univers\t\t\t\t\t\t<\/h2>\n\t\t\t\t\t\t\t\t\t\t\t\t<h2 class=\"sow-sub-headline\">\n\t\t\t\t\t\tde l'emploi et de la formation\t\t\t\t\t\t<\/h2>\n\t\t\t\t\t\t<\/div>\n<\/div><\/div><\/div><\/div><\/div><\/div><div id=\"pg-11515-1\"  class=\"panel-grid panel-has-style\" ><div class=\"siteorigin-panels-stretch panel-row-style panel-row-style-for-11515-1\" id=\"row-images_thematiques\" data-stretch-type=\"full-width-stretch\" ><div id=\"pgc-11515-1-0\"  class=\"panel-grid-cell\" ><div class=\"panel-cell-style panel-cell-style-for-11515-1-0\" ><div id=\"panel-11515-1-0-0\" class=\"so-panel widget widget_sow-image panel-first-child panel-last-child widgetopts-SO\" data-index=\"2\" ><div\n\t\t\t\n\t\t\tclass=\"so-widget-sow-image so-widget-sow-image-default-8b5b6f678277-11515\"\n\t\t\t\n\t\t>\n<div class=\"sow-image-container\">\n\t\t<img \n\tsrc=\"https:\/\/cva-acfp.org\/wp-content\/uploads\/image-atelier-800px-flip-hor.jpg\" width=\"800\" height=\"600\" srcset=\"https:\/\/cva-acfp.org\/wp-content\/uploads\/image-atelier-800px-flip-hor.jpg 800w, https:\/\/cva-acfp.org\/wp-content\/uploads\/image-atelier-800px-flip-hor-300x225.jpg 300w, https:\/\/cva-acfp.org\/wp-content\/uploads\/image-atelier-800px-flip-hor-768x576.jpg 768w\" sizes=\"(max-width: 800px) 100vw, 800px\" alt=\"\" \t\tclass=\"so-widget-image\"\/>\n\t<\/div>\n\n<\/div><\/div><\/div><\/div><div id=\"pgc-11515-1-1\"  class=\"panel-grid-cell\" ><div class=\"panel-cell-style panel-cell-style-for-11515-1-1\" ><div id=\"panel-11515-1-1-0\" class=\"so-panel widget widget_sow-image panel-first-child panel-last-child widgetopts-SO\" data-index=\"3\" ><div\n\t\t\t\n\t\t\tclass=\"so-widget-sow-image so-widget-sow-image-default-8b5b6f678277-11515\"\n\t\t\t\n\t\t>\n<div class=\"sow-image-container\">\n\t\t<img \n\tsrc=\"https:\/\/cva-acfp.org\/wp-content\/uploads\/image-coaching-ecran-800px.png\" width=\"800\" height=\"600\" srcset=\"https:\/\/cva-acfp.org\/wp-content\/uploads\/image-coaching-ecran-800px.png 800w, https:\/\/cva-acfp.org\/wp-content\/uploads\/image-coaching-ecran-800px-300x225.png 300w, https:\/\/cva-acfp.org\/wp-content\/uploads\/image-coaching-ecran-800px-768x576.png 768w\" sizes=\"(max-width: 800px) 100vw, 800px\" alt=\"\" \t\tclass=\"so-widget-image\"\/>\n\t<\/div>\n\n<\/div><\/div><\/div><\/div><div id=\"pgc-11515-1-2\"  class=\"panel-grid-cell\" ><div class=\"panel-cell-style panel-cell-style-for-11515-1-2\" ><div id=\"panel-11515-1-2-0\" class=\"so-panel widget widget_sow-image panel-first-child panel-last-child widgetopts-SO\" data-index=\"4\" ><div\n\t\t\t\n\t\t\tclass=\"so-widget-sow-image so-widget-sow-image-default-8b5b6f678277-11515\"\n\t\t\t\n\t\t>\n<div class=\"sow-image-container\">\n\t\t<img \n\tsrc=\"https:\/\/cva-acfp.org\/wp-content\/uploads\/image-machiniste-800px.jpg\" width=\"800\" height=\"600\" srcset=\"https:\/\/cva-acfp.org\/wp-content\/uploads\/image-machiniste-800px.jpg 800w, https:\/\/cva-acfp.org\/wp-content\/uploads\/image-machiniste-800px-300x225.jpg 300w, https:\/\/cva-acfp.org\/wp-content\/uploads\/image-machiniste-800px-768x576.jpg 768w\" sizes=\"(max-width: 800px) 100vw, 800px\" alt=\"\" \t\tclass=\"so-widget-image\"\/>\n\t<\/div>\n\n<\/div><\/div><\/div><\/div><\/div><\/div><div id=\"pg-11515-2\"  class=\"panel-grid panel-has-style\" ><div class=\"siteorigin-panels-stretch panel-row-style panel-row-style-for-11515-2\" data-stretch-type=\"full-width-stretch\" ><div id=\"pgc-11515-2-0\"  class=\"panel-grid-cell\" ><div id=\"panel-11515-2-0-0\" class=\"so-panel widget widget_sow-headline panel-first-child panel-last-child widgetopts-SO\" data-index=\"5\" ><div class=\"panel-widget-style panel-widget-style-for-11515-2-0-0\" ><div\n\t\t\t\n\t\t\tclass=\"so-widget-sow-headline so-widget-sow-headline-default-ea788e38c1d8-11515\"\n\t\t\t\n\t\t><div class=\"sow-headline-container \">\n\t\t\t\t\t\t\t<h3 class=\"sow-headline\">\n\t\t\t\t\t\tNous \u0153uvrons \u00e0 l'\u00e9chelle nationale et internationale pour d\u00e9velopper\t\t\t\t\t\t<\/h3>\n\t\t\t\t\t\t\t\t\t\t\t\t<h3 class=\"sow-sub-headline\">\n\t\t\t\t\t\tles comp\u00e9tences professionnelles et organisationnelles\t\t\t\t\t\t<\/h3>\n\t\t\t\t\t\t<\/div>\n<\/div><\/div><\/div><\/div><\/div><\/div><div id=\"pg-11515-3\"  class=\"panel-grid panel-no-style\" ><div id=\"pgc-11515-3-0\"  class=\"panel-grid-cell\" ><div class=\"panel-cell-style panel-cell-style-for-11515-3-0\" ><div id=\"panel-11515-3-0-0\" class=\"so-panel widget widget_sow-headline panel-first-child widgetopts-SO\" data-index=\"6\" ><div class=\"panel-widget-style panel-widget-style-for-11515-3-0-0\" ><div\n\t\t\t\n\t\t\tclass=\"so-widget-sow-headline so-widget-sow-headline-default-d9cd29b358c5-11515\"\n\t\t\t\n\t\t><div class=\"sow-headline-container \">\n\t\t\t\t\t\t\t<h3 class=\"sow-headline\">\n\t\t\t\t\t\tATELIERS DACUM \u00c0 VENIR\t\t\t\t\t\t<\/h3>\n\t\t\t\t\t\t<\/div>\n<\/div><\/div><\/div><div id=\"panel-11515-3-0-1\" class=\"so-panel widget widget_eo_event_list_widget EO_Event_List_Widget widgetopts-SO\" data-index=\"7\" ><div class=\"panel-widget-style panel-widget-style-for-11515-3-0-1\" ><ul  class=\"eo-events eo-events-widget\"><li class=\"eo-event-venue-virtual eo-event-cat-dacum-i eo-event-future eo-multi-day eo-all-day\"><a href=\"https:\/\/cva-acfp.org\/fr\/events\/event\/dacum-i-fr-3\/\">DACUM I (FR)<\/a><br>DACUM I : Facilitateur d\u2019analyses DACUM<\/br><strong>Virtual<\/strong><br><strong>11 Mai au 15 Mai 2026<\/strong><\/br><\/li><li class=\"eo-event-venue-virtual eo-event-cat-dacum-i eo-event-future eo-multi-day eo-all-day\"><a href=\"https:\/\/cva-acfp.org\/fr\/events\/event\/dacum-i-en-6\/\">DACUM I (EN)<\/a><br>DACUM I Training Module : DACUM Analysis Facilitator<\/br><strong>Virtual<\/strong><br><strong>25 Mai au 29 Mai 2026<\/strong><\/br><\/li><li class=\"eo-event-venue-virtual-2 eo-event-cat-dacum-ii eo-event-future eo-multi-day eo-all-day\"><a href=\"https:\/\/cva-acfp.org\/fr\/events\/event\/dacum-ii-en-6\/\">DACUM II (EN)<\/a><br>DACUM II Training Module: DACUM and CBT Programme Development Facilitator<\/br><strong>Virtual<\/strong><br><strong>24 Ao\u00fbt au 28 Ao\u00fbt 2026<\/strong><\/br><\/li><li class=\"eo-event-venue-toronto-on eo-event-cat-dacum-i eo-event-future eo-multi-day eo-all-day\"><a href=\"https:\/\/cva-acfp.org\/fr\/events\/event\/dacum-i-en-7\/\">DACUM I (EN)<\/a><br>DACUM I Training Module : DACUM Analysis Facilitator<\/br><strong>Toronto, ON<\/strong><br><strong>24 Sep au 28 Sep 2026<\/strong><\/br><\/li><\/ul><\/div><\/div><div id=\"panel-11515-3-0-2\" class=\"so-panel widget widget_sow-button panel-last-child widgetopts-SO\" data-index=\"8\" ><div id=\"expert_assistance\" class=\"panel-widget-style panel-widget-style-for-11515-3-0-2\" ><div\n\t\t\t\n\t\t\tclass=\"so-widget-sow-button so-widget-sow-button-atom-42d4a7d79174-12023\"\n\t\t\t\n\t\t><div class=\"ow-button-base ow-button-align-center\"\n>\n\t\t\t<a\n\t\t\t\t\thref=\"https:\/\/cva-acfp.org\/workshop-registration\/\"\n\t\t\t\t\tclass=\"sowb-button ow-icon-placement-left ow-button-hover\" \t>\n\t\t<span>\n\t\t\t\n\t\t\tVOIR TOUS LES ATELIERS ET INSCRIPTION\t\t<\/span>\n\t\t\t<\/a>\n\t<\/div>\n<\/div><\/div><\/div><\/div><\/div><div id=\"pgc-11515-3-1\"  class=\"panel-grid-cell\" ><div class=\"panel-cell-style panel-cell-style-for-11515-3-1\" ><div id=\"panel-11515-3-1-0\" class=\"so-panel widget widget_sow-headline panel-first-child widgetopts-SO\" data-index=\"9\" ><div class=\"panel-widget-style panel-widget-style-for-11515-3-1-0\" ><div\n\t\t\t\n\t\t\tclass=\"so-widget-sow-headline so-widget-sow-headline-default-d9cd29b358c5-12023\"\n\t\t\t\n\t\t><div class=\"sow-headline-container \">\n\t\t\t\t\t\t\t<h3 class=\"sow-headline\">\n\t\t\t\t\t\tBLOGUE\t\t\t\t\t\t<\/h3>\n\t\t\t\t\t\t<\/div>\n<\/div><\/div><\/div><div id=\"panel-11515-3-1-1\" class=\"widget_text so-panel widget widget_custom_html panel-last-child widgetopts-SO\" data-index=\"10\" ><div class=\"textwidget custom-html-widget\"><div class=\"atw-show-posts-schema\" itemtype=\"https:\/\/schema.org\/Blog\" itemscope > <!-- begin Blog -->\n<div style=\"clear:both;\"><\/div><div class=\"atw-show-posts atw-show-posts-filter-blog-list-1-item\">\n    <article id=\"post-12039\" class=\"content-default post-area post-fi-content-top post-author-id-7 font-inherit post-12039 post type-post status-publish format-standard has-post-thumbnail hentry category-hommage category-non-classifiee\" itemtype=\"https:\/\/schema.org\/BlogPosting\" itemscope itemprop=\"blogPost\"><!-- POST: standard -->\n    <header class=\"entry-header\">\n        <h2  class=\"post-title entry-title s-font-size-title font-inherit\" itemprop=\"headline name\">\t\t<a href=\"https:\/\/cva-acfp.org\/fr\/hommage-a-don-glendenning\/\" title=\"Permalien vers Hommage \u00e0 Don Glendenning\" rel=\"bookmark\">Hommage \u00e0 Don Glendenning<\/a>\n\t\t<\/h2>\n<div class=\"entry-meta \">\n<meta itemprop=\"datePublished\" content=\"2026-04-29T12:33:46-04:00\"\/>\n<meta itemprop=\"dateModified\" content=\"2026-04-29T12:34:33-04:00\"\/>\n<span style=\"display:none\" itemscope itemprop=\"publisher\" itemtype=\"https:\/\/schema.org\/Organization\"><span itemprop=\"name\">CVA - ACFP<\/span><img decoding=\"async\" itemprop=\"logo\" src=\"https:\/\/cva-acfp.org\/wp-content\/uploads\/logo-cva-800px.png\" \/><\/span>\n<\/div><!-- \/entry-meta -->\n    <\/header><!-- .entry-header -->\n\n        <div class=\"entry-summary clearfix\">\n\n<a class=\"wvrx-fi-link\" href=\"https:\/\/cva-acfp.org\/fr\/hommage-a-don-glendenning\/\"><span itemtype=\"https:\/\/schema.org\/ImageObject\" itemprop=\"image\" itemscope><img loading=\"lazy\" decoding=\"async\" width=\"1030\" height=\"1414\" itemprop=\"url\" src=\"https:\/\/cva-acfp.org\/wp-content\/uploads\/donglendennings.jpg\" class=\"featured-image fi-post_excerpt-content-top fi-content-top hide-none fi-alignleft wp-post-image\" alt=\"\" srcset=\"https:\/\/cva-acfp.org\/wp-content\/uploads\/donglendennings.jpg 1030w, https:\/\/cva-acfp.org\/wp-content\/uploads\/donglendennings-219x300.jpg 219w, https:\/\/cva-acfp.org\/wp-content\/uploads\/donglendennings-746x1024.jpg 746w, https:\/\/cva-acfp.org\/wp-content\/uploads\/donglendennings-109x150.jpg 109w, https:\/\/cva-acfp.org\/wp-content\/uploads\/donglendennings-768x1054.jpg 768w\" sizes=\"auto, (max-width: 1030px) 100vw, 1030px\" \/><\/span><\/a>\n<p>Hommage \u00e0 Don Glendenning, membre \u00e0 vie de l\u2019ACFP-CVA Don et moi avons \u00e9t\u00e9 coll\u00e8gues et amis pendant plus de cinquante ans. Nous nous sommes rencontr\u00e9s pour la premi\u00e8re fois en 1970, lorsqu\u2019il est venu donner une conf\u00e9rence \u00e0 l\u2019Algonquin <span class=\"excerpt-dots\">&hellip;<\/span> <a class=\"more-link\" href=\"https:\/\/cva-acfp.org\/fr\/hommage-a-don-glendenning\/\"><span class=\"more-msg\">Lire la suite &rarr;<\/span><\/a><\/p>\n        <\/div><!-- .entry-summary -->\n        \n    <footer class=\"entry-utility\"><!-- bottom meta -->\n            <\/footer><!-- #entry-utility -->\n        <div class=\"clear-post-end\" style=\"clear:both;\"><\/div>\n<link itemprop=\"mainEntityOfPage\" href=\"https:\/\/cva-acfp.org\/fr\/hommage-a-don-glendenning\/\" \/>    <\/article><!-- \/#post-12039 -->\n\n<div style='clear:both;'><\/div>\n<\/div><!-- show_posts -->\n<\/div> <!-- end Blog --><\/div><\/div><\/div><\/div><div id=\"pgc-11515-3-2\"  class=\"panel-grid-cell\" ><div class=\"panel-cell-style panel-cell-style-for-11515-3-2\" ><div id=\"panel-11515-3-2-0\" class=\"so-panel widget widget_sow-headline panel-first-child widgetopts-SO\" data-index=\"11\" ><div class=\"panel-widget-style panel-widget-style-for-11515-3-2-0\" ><div\n\t\t\t\n\t\t\tclass=\"so-widget-sow-headline so-widget-sow-headline-default-50078b2d728e-12023\"\n\t\t\t\n\t\t><div class=\"sow-headline-container \">\n\t\t\t\t\t\t\t<h3 class=\"sow-headline\">\n\t\t\t\t\t\tDERNIER BULLETIN\t\t\t\t\t\t<\/h3>\n\t\t\t\t\t\t<\/div>\n<\/div><\/div><\/div><div id=\"panel-11515-3-2-1\" class=\"so-panel widget widget_wvr_showposts WeaverSS_Widget_Slider widgetopts-SO\" data-index=\"12\"><div id=\"newsletter-list\" class=\"panel-widget-style panel-widget-style-for-11515-3-2-1\"><div style=\"clear:both\"><\/div><div class=\"atw-show-posts atw-show-posts-filter-newletter-list-1-item\"><ul>            <li><a href=\"https:\/\/cva-acfp.org\/fr\/newsletter\/mai-2025\/\" title=\"Permalink to Mai 2025\" rel=\"bookmark\">Mai 2025<\/a><\/li>\n            <\/ul>\n<\/div><!-- show_posts -->\n<\/div><\/div><div id=\"panel-11515-3-2-2\" class=\"so-panel widget widget_sow-button widgetopts-SO\" data-index=\"13\" ><div id=\"expert_assistance\" class=\"panel-widget-style panel-widget-style-for-11515-3-2-2\" ><div\n\t\t\t\n\t\t\tclass=\"so-widget-sow-button so-widget-sow-button-atom-ccfb1ee6318c-11933\"\n\t\t\t\n\t\t><div class=\"ow-button-base ow-button-align-center\"\n>\n\t\t\t<a\n\t\t\t\t\thref=\"https:\/\/cva-acfp.org\/fr\/publications\/bulletin\/\"\n\t\t\t\t\tclass=\"sowb-button ow-icon-placement-left ow-button-hover\" title=\"See Newsletters\" \t>\n\t\t<span>\n\t\t\t\n\t\t\tBULLETINS DE L'ACFP\t\t<\/span>\n\t\t\t<\/a>\n\t<\/div>\n<\/div><\/div><\/div><div id=\"panel-11515-3-2-3\" class=\"so-panel widget widget_sow-button panel-last-child widgetopts-SO\" data-index=\"14\" ><div id=\"expert_assistance\" class=\"panel-widget-style panel-widget-style-for-11515-3-2-3\" ><div\n\t\t\t\n\t\t\tclass=\"so-widget-sow-button so-widget-sow-button-atom-ccfb1ee6318c-11933\"\n\t\t\t\n\t\t><div class=\"ow-button-base ow-button-align-center\"\n>\n\t\t\t<a\n\t\t\t\t\thref=\"https:\/\/cva-acfp.us3.list-manage.com\/subscribe?u=fadec83458868627e84ef4927&#038;id=bc8b3df6a7\"\n\t\t\t\t\tclass=\"sowb-button ow-icon-placement-left ow-button-hover\" target=\"_blank\" rel=\"noopener noreferrer\" title=\"Subscribe to the Newsletter in English\" \t>\n\t\t<span>\n\t\t\t\n\t\t\tINSCRIPTION AUX BULLETINS\t\t<\/span>\n\t\t\t<\/a>\n\t<\/div>\n<\/div><\/div><\/div><\/div><\/div><div id=\"pgc-11515-3-3\"  class=\"panel-grid-cell\" ><div class=\"panel-cell-style panel-cell-style-for-11515-3-3\" ><div id=\"panel-11515-3-3-0\" class=\"so-panel widget widget_sow-headline panel-first-child widgetopts-SO\" data-index=\"15\" ><div class=\"panel-widget-style panel-widget-style-for-11515-3-3-0\" ><div\n\t\t\t\n\t\t\tclass=\"so-widget-sow-headline so-widget-sow-headline-default-50078b2d728e-11933\"\n\t\t\t\n\t\t><div class=\"sow-headline-container \">\n\t\t\t\t\t\t\t<h3 class=\"sow-headline\">\n\t\t\t\t\t\tMEDIA SOCIAUX\t\t\t\t\t\t<\/h3>\n\t\t\t\t\t\t<\/div>\n<\/div><\/div><\/div><div id=\"panel-11515-3-3-1\" class=\"widget_text so-panel widget widget_custom_html panel-last-child widgetopts-SO\" data-index=\"16\" ><h3 class=\"widget-title\">Facebook<\/h3><div class=\"textwidget custom-html-widget\"><div id=\"fb-root\"><\/div>\n<script async defer crossorigin=\"anonymous\" src=\"https:\/\/connect.facebook.net\/fr_FR\/sdk.js#xfbml=1&version=v16.0\" nonce=\"YsnSy2mw\"><\/script>\n\n<div class=\"fb-page\" data-href=\"https:\/\/www.facebook.com\/cvaacfp\/\" data-tabs=\"timeline\" data-width=\"\" data-height=\"300\" data-small-header=\"false\" data-adapt-container-width=\"true\" data-hide-cover=\"false\" data-show-facepile=\"true\"><blockquote cite=\"https:\/\/www.facebook.com\/cvaacfp\/\" class=\"fb-xfbml-parse-ignore\"><a href=\"https:\/\/www.facebook.com\/cvaacfp\/\">Association Canadienne de la Formation Professionnelle<\/a><\/blockquote><\/div><\/div><\/div><\/div><\/div><\/div><\/div>","protected":false},"excerpt":{"rendered":"<p>ASSOCIATION CANADIENNE DE LA FORMATION PROFESSIONNELLE B\u00e2tir des ponts entre les univers de l&#8217;emploi et de la formation Nous \u0153uvrons \u00e0 l&rsquo;\u00e9chelle nationale et internationale pour d\u00e9velopper les comp\u00e9tences professionnelles et organisationnelles ATELIERS DACUM \u00c0 VENIR DACUM I (FR)DACUM I <span class=\"excerpt-dots\">&hellip;<\/span> <a class=\"more-link\" href=\"https:\/\/cva-acfp.org\/fr\/\"><span class=\"more-msg\">Lire la suite &rarr;<\/span><\/a><\/p>\n","protected":false},"author":7,"featured_media":0,"parent":0,"menu_order":0,"comment_status":"closed","ping_status":"closed","template":"","meta":{"_monsterinsights_skip_tracking":false,"_monsterinsights_sitenote_active":false,"_monsterinsights_sitenote_note":"","_monsterinsights_sitenote_category":0,"footnotes":""},"class_list":["post-11515","page","type-page","status-publish","hentry"],"_links":{"self":[{"href":"https:\/\/cva-acfp.org\/fr\/wp-json\/wp\/v2\/pages\/11515","targetHints":{"allow":["GET"]}}],"collection":[{"href":"https:\/\/cva-acfp.org\/fr\/wp-json\/wp\/v2\/pages"}],"about":[{"href":"https:\/\/cva-acfp.org\/fr\/wp-json\/wp\/v2\/types\/page"}],"author":[{"embeddable":true,"href":"https:\/\/cva-acfp.org\/fr\/wp-json\/wp\/v2\/users\/7"}],"replies":[{"embeddable":true,"href":"https:\/\/cva-acfp.org\/fr\/wp-json\/wp\/v2\/comments?post=11515"}],"version-history":[{"count":62,"href":"https:\/\/cva-acfp.org\/fr\/wp-json\/wp\/v2\/pages\/11515\/revisions"}],"predecessor-version":[{"id":11798,"href":"https:\/\/cva-acfp.org\/fr\/wp-json\/wp\/v2\/pages\/11515\/revisions\/11798"}],"wp:attachment":[{"href":"https:\/\/cva-acfp.org\/fr\/wp-json\/wp\/v2\/media?parent=11515"}],"curies":[{"name":"wp","href":"https:\/\/api.w.org\/{rel}","templated":true}]}}