


{"id":10111,"date":"2021-07-06T22:08:44","date_gmt":"2021-07-06T22:08:44","guid":{"rendered":"http:\/\/cva-acfp.org\/development\/?page_id=10111"},"modified":"2021-08-23T20:23:01","modified_gmt":"2021-08-23T20:23:01","slug":"soumettre-un-article","status":"publish","type":"page","link":"https:\/\/cva-acfp.org\/fr\/publications\/soumettre-un-article\/","title":{"rendered":"Soumettre un article"},"content":{"rendered":"<p><strong>Pour soumettre un article:<\/strong><\/p>\n<ol>\n<li>R\u00e9digez ou acheminez un article int\u00e9ressant, stimulant et pertinent en vous assurant, au pr\u00e9alable, d&rsquo;avoir obtenus les autorisations requises.<\/li>\n<li>Faites parvenir le document \u00e0 l\u2019ACFP \u00e0 <a href=\"mailto:admin@cva-acfp.org\">admin@cva-acfp.org<\/a>.<\/li>\n<li>Le document sera revu et, si approuv\u00e9, publi\u00e9 sur le m\u00e9dium appropri\u00e9.<\/li>\n<\/ol>\n<p>&nbsp;<\/p>\n<p>Pour plus de pr\u00e9cision, <a href=\"https:\/\/cva-acfp.org\/fr\/nous-contacter\/\">contactez-nous<\/a>.<\/p>\n","protected":false},"excerpt":{"rendered":"<p>Pour soumettre un article: R\u00e9digez ou acheminez un article int\u00e9ressant, stimulant et pertinent en vous assurant, au pr\u00e9alable, d&rsquo;avoir obtenus les autorisations requises. Faites parvenir le document \u00e0 l\u2019ACFP \u00e0 admin@cva-acfp.org. Le document sera revu et, si approuv\u00e9, publi\u00e9 sur <span class=\"excerpt-dots\">&hellip;<\/span> <a class=\"more-link\" href=\"https:\/\/cva-acfp.org\/fr\/publications\/soumettre-un-article\/\"><span class=\"more-msg\">Lire la suite &rarr;<\/span><\/a><\/p>\n","protected":false},"author":7,"featured_media":0,"parent":10100,"menu_order":40,"comment_status":"closed","ping_status":"closed","template":"","meta":{"_monsterinsights_skip_tracking":false,"_monsterinsights_sitenote_active":false,"_monsterinsights_sitenote_note":"","_monsterinsights_sitenote_category":0,"footnotes":""},"class_list":["post-10111","page","type-page","status-publish","hentry"],"_links":{"self":[{"href":"https:\/\/cva-acfp.org\/fr\/wp-json\/wp\/v2\/pages\/10111","targetHints":{"allow":["GET"]}}],"collection":[{"href":"https:\/\/cva-acfp.org\/fr\/wp-json\/wp\/v2\/pages"}],"about":[{"href":"https:\/\/cva-acfp.org\/fr\/wp-json\/wp\/v2\/types\/page"}],"author":[{"embeddable":true,"href":"https:\/\/cva-acfp.org\/fr\/wp-json\/wp\/v2\/users\/7"}],"replies":[{"embeddable":true,"href":"https:\/\/cva-acfp.org\/fr\/wp-json\/wp\/v2\/comments?post=10111"}],"version-history":[{"count":5,"href":"https:\/\/cva-acfp.org\/fr\/wp-json\/wp\/v2\/pages\/10111\/revisions"}],"predecessor-version":[{"id":10756,"href":"https:\/\/cva-acfp.org\/fr\/wp-json\/wp\/v2\/pages\/10111\/revisions\/10756"}],"up":[{"embeddable":true,"href":"https:\/\/cva-acfp.org\/fr\/wp-json\/wp\/v2\/pages\/10100"}],"wp:attachment":[{"href":"https:\/\/cva-acfp.org\/fr\/wp-json\/wp\/v2\/media?parent=10111"}],"curies":[{"name":"wp","href":"https:\/\/api.w.org\/{rel}","templated":true}]}}