


{"id":10109,"date":"2021-07-06T22:06:27","date_gmt":"2021-07-06T22:06:27","guid":{"rendered":"http:\/\/cva-acfp.org\/development\/?page_id=10109"},"modified":"2023-11-09T12:38:37","modified_gmt":"2023-11-09T17:38:37","slug":"journal-de-cva-acfp","status":"publish","type":"page","link":"https:\/\/cva-acfp.org\/fr\/publications\/journal-de-cva-acfp\/","title":{"rendered":"Le journal de CVA\/ACFP"},"content":{"rendered":"<p>Le Journal bilingue de l\u2019Association canadienne de la formation professionnelle a \u00e9t\u00e9 publi\u00e9 par l\u2019ACFP de 1965 \u00e0 2002.<\/p>\n<p>Ce Journal de l\u2019ACFP \u00e9tait publi\u00e9 sous la direction d\u2019une \u00e9quipe bilingue et d\u2019un \u00e9diteur professionnel et a longtemps b\u00e9n\u00e9fici\u00e9 de l\u2019appui financier du gouvernement f\u00e9d\u00e9ral. Toutefois, au cours des derni\u00e8res ann\u00e9es de sa parution, il \u00e9tait essentiellement autofinanc\u00e9 par l\u2019ACFP. Le Journal de l\u2019ACFP \u00e9tait la seule publication bilingue et pancanadienne dans le domaine de la formation technique et professionnelle; il faisait aussi office de forum d\u2019\u00e9changes ayant pour objet une vari\u00e9t\u00e9 de questions et de d\u2019actualit\u00e9.<br \/>\nOn l\u2019utilise encore aujourd\u2019hui comme source de r\u00e9f\u00e9rence puisque de nombreuses biblioth\u00e8ques poss\u00e8dent la s\u00e9rie compl\u00e8te des num\u00e9ros du Journal.<\/p>\n<p><strong><a href=\"https:\/\/drive.google.com\/open?id=1jv_tcT3miZRoi9nBiGA5TKLK9FwLsxbH\" rel=\"noopener\">CVA\/ACFP Journal Vol1 1965<\/a><\/strong><br \/>\n<a href=\"https:\/\/drive.google.com\/open?id=1ZjriVsSNXhNyeTgjld3zEsFm9fQvQthc\" rel=\"noopener\">No1<\/a>\u00a0\u00a0\u00a0<a href=\"https:\/\/drive.google.com\/open?id=14WnUjXLnVrYCAKW-E_imW6c-qni_qsRA\" rel=\"noopener\">No2\u00a0<\/a><\/p>\n<p><strong><a href=\"https:\/\/drive.google.com\/open?id=18qXQL4ptQTY2s4lPJE7SnRBJvylAVgHY\" rel=\"noopener\">CVA\/ACFP Journal Vol2 1966-1967<\/a><\/strong><br \/>\n<a href=\"https:\/\/drive.google.com\/open?id=1eG7J7bJcgIogphvEhnJd6Vj0Dr0e4kFm\" rel=\"noopener\">No1\u00a0<\/a>\u00a0\u00a0\u00a0<a href=\"https:\/\/drive.google.com\/open?id=10ABkoBDCzxVwCC3sTzmGlsIM9_-Gslc_\" rel=\"noopener\">No2\u00a0<\/a>\u00a0\u00a0\u00a0<a href=\"https:\/\/drive.google.com\/open?id=1shrdAGB9up63tikV0_CEFYiufvlf6iMP\" rel=\"noopener\">No3\u00a0<\/a>\u00a0\u00a0\u00a0<a href=\"https:\/\/drive.google.com\/open?id=1arO7usaNUX19LRFJ04V60eoXWn3IPkli\" rel=\"noopener\">No4<\/a><\/p>\n<p><strong><a href=\"https:\/\/drive.google.com\/drive\/folders\/1oaCmDPEK7KOog2fBYMQAzxssOYzpk3h3\" rel=\"noopener\">CVA\/ACFP Journal Vol3 1967-1968<\/a><\/strong><br \/>\n<a href=\"https:\/\/drive.google.com\/open?id=12UIhItxNFhISiwAjfu15_zOUACg1Eg4I\" rel=\"noopener\">No1\u00a0<\/a>\u00a0\u00a0\u00a0<a href=\"https:\/\/drive.google.com\/open?id=1SDu-CLQogUSBWoIk9IlpO4EgLOjwSos3\" rel=\"noopener\">No2<\/a>\u00a0\u00a0\u00a0\u00a0<a href=\"https:\/\/drive.google.com\/open?id=1GDqjVtkV8xY7oRJA_RpRkAfEhMUafIOG\" rel=\"noopener\">No3\u00a0<\/a>\u00a0\u00a0\u00a0<a href=\"https:\/\/drive.google.com\/open?id=1gqVuO4mRKKiE5YElia-cc6gwhwm0UVKs\" rel=\"noopener\">No4\u00a0\u00a0<\/a><\/p>\n<p><strong><a href=\"https:\/\/drive.google.com\/drive\/folders\/1dvbA7F_qPDxTsjkN3VtrmZZx3fG20JAp\" rel=\"noopener\">CVA\/ACFP Journal Vol4 1968-1969<\/a><\/strong><br \/>\n<a href=\"https:\/\/drive.google.com\/open?id=1a2jnK7JU7pyKN4ZEar_52vCz44BUfO-f\" rel=\"noopener\">No1\u00a0<\/a>\u00a0\u00a0\u00a0<a href=\"https:\/\/drive.google.com\/open?id=1uvrMREy2NwvM3RZ7-i9-sGTiUirGVfAE\" rel=\"noopener\">No2<\/a>\u00a0\u00a0\u00a0<a href=\"https:\/\/drive.google.com\/open?id=1LGohMXLRBukrrgczV4U5-w2m6ifL5xus\" rel=\"noopener\">\u00a0No3\u00a0<\/a>\u00a0\u00a0\u00a0<a href=\"https:\/\/drive.google.com\/open?id=1bA7UjpunGOz97_Am_cjdcR47Nb553lyb\" rel=\"noopener\">No4\u00a0<\/a><\/p>\n<p><strong><a href=\"https:\/\/drive.google.com\/open?id=1VuqFnoe4BvrGve4tIGZmj0aPXnH9IKkr\" rel=\"noopener\">CVA\/ACP Journal Vol5 1969<\/a><\/strong><br \/>\n<a href=\"https:\/\/drive.google.com\/open?id=1Ov1ZQ1jAmlVYZzG-QTtrs8x_P1RWdb_p\" rel=\"noopener\">No1\u00a0<\/a><\/p>\n<p><strong><a href=\"https:\/\/drive.google.com\/open?id=1VDHIryfYGgpRqzrx51bv4632hCOY2omh\" rel=\"noopener\">CVA\/ACFP Journal Vol6 1970<\/a><\/strong><br \/>\n<a href=\"https:\/\/drive.google.com\/open?id=1p1jvn_vaSeNpH955H8ozskMg57d1uDbp\" rel=\"noopener\">No1\u00a0<\/a>\u00a0\u00a0\u00a0<a href=\"https:\/\/drive.google.com\/open?id=1rYq-suLgW5QQ_zTWx5vWmiHF9wfwzvEI\" rel=\"noopener\">No2\u00a0<\/a>\u00a0\u00a0\u00a0<a href=\"https:\/\/drive.google.com\/open?id=1Uc6qtefYxEBPje5CcGLdsbwl6izIhEXb\" rel=\"noopener\">No3\u00a0<\/a>\u00a0\u00a0\u00a0<a href=\"https:\/\/drive.google.com\/open?id=1y0eUmLV6ELagtB30AfGb8zCfP-f0B_fx\" rel=\"noopener\">No4 Conference report<\/a><\/p>\n<p><strong><a href=\"https:\/\/drive.google.com\/open?id=1Kq2hWar35gz2SprT1EdKght4L1x_U_Ma\" rel=\"noopener\">CVA\/ACFP Journal Vol7 1971<\/a><\/strong><br \/>\n<a href=\"https:\/\/drive.google.com\/open?id=1SaIMmGu_1j-mCHztKeOxsBVXQbZK2-53\" rel=\"noopener\">No1\u00a0<\/a>\u00a0\u00a0\u00a0<a href=\"https:\/\/drive.google.com\/open?id=1huv2jrQGFOLTooMmk53mZwigMjjLr8-i\" rel=\"noopener\">No2\u00a0<\/a>\u00a0\u00a0\u00a0<a href=\"https:\/\/drive.google.com\/open?id=14TQiK31fh9hMMiWOwkMI0Mx5O7TOc4V4\" rel=\"noopener\">No3 Conference report<\/a><\/p>\n<p><strong><a href=\"https:\/\/drive.google.com\/open?id=1cWtrR-RoFM2T1PX3RWgvKVekV5lvb7Uw\" rel=\"noopener\">CVA\/ACFP Journal Vol8 1972-1973<\/a><\/strong><br \/>\n<a href=\"https:\/\/drive.google.com\/open?id=1zOh9C2cO2gLskFBKoADM4NYMx49w5fIE\" rel=\"noopener\">No1\u00a0<\/a>\u00a0\u00a0\u00a0<a href=\"https:\/\/drive.google.com\/open?id=1JtVX5PO9mvi7b2zOAN4nMO7vamq99YMF\" rel=\"noopener\">No2 Conference report<\/a>\u00a0\u00a0\u00a0\u00a0<a href=\"https:\/\/drive.google.com\/open?id=1BNyDx2prVpmZqQ4TPqgcDeMYlVarfacv\" rel=\"noopener\">No3\u00a0<\/a>\u00a0\u00a0\u00a0<a href=\"https:\/\/drive.google.com\/open?id=1e5ORpMDlw-WhxTR48fgjWTBku6pWtoJ1\" rel=\"noopener\">No4\u00a0<\/a>\u00a0\u00a0\u00a0<a href=\"https:\/\/drive.google.com\/open?id=1AWQLoN0EkurraSMMug2JkHzQLj7J9T7d\">Conference report Supplement<\/a><\/p>\n<p><strong><a href=\"https:\/\/drive.google.com\/open?id=1cUwyqmDRJ5oP0_L9XDq2juHqax1pZjy2\">CVA\/ACFP Journal Vol9 1973-1974<\/a><\/strong><br \/>\n<a href=\"https:\/\/drive.google.com\/open?id=1okV1IZGnhPnGMsyNL2IfNrD1icakEQGX\">No1\u00a0<\/a>\u00a0\u00a0\u00a0<a href=\"https:\/\/drive.google.com\/open?id=1WX-AFm6p8YRXu3SCp7nbP0DmLSBYReyD\">No2 Conference report\u00a0<\/a>\u00a0\u00a0\u00a0<a href=\"https:\/\/drive.google.com\/open?id=18HzZ3A2pABvmFmg83HN-ZvXyElj-9Brd\">No3\u00a0<\/a>\u00a0\u00a0\u00a0<a href=\"https:\/\/drive.google.com\/open?id=1L5Cp6QVKZMhD6R4o0eEsa6KiSSAmNVyM\">No4<\/a><\/p>\n<p><strong><a href=\"https:\/\/drive.google.com\/open?id=1VMalBnB4ad2Iz7WcVWBsGXzNevJot_H_\">CVA\/ACFP Journal Vol10 1974<\/a><\/strong><br \/>\n<a href=\"https:\/\/drive.google.com\/open?id=10_okuBsxwE-XjnFe2ZmhuKwzQXYg5RVa\">No1\u00a0<\/a>\u00a0\u00a0\u00a0<a href=\"https:\/\/drive.google.com\/open?id=1DU3ErxEzfuBpuDk3EFEqpGLTT0UWVF96\">No2<\/a>\u00a0\u00a0\u00a0<a href=\"https:\/\/drive.google.com\/open?id=12kkNdWXTAYUHSke1NBY3rmkQG2YkiQ9V\">\u00a0No3\u00a0<\/a><a href=\"https:\/\/drive.google.com\/open?id=1SDrcq1t8_0KsiDmlvSlekFrq5poNuClk\">No3 Conference report\u00a0<\/a>\u00a0\u00a0\u00a0<a href=\"https:\/\/drive.google.com\/open?id=1SDrcq1t8_0KsiDmlvSlekFrq5poNuClk\">Supplement\u00a0<\/a>\u00a0\u00a0\u00a0<a href=\"https:\/\/drive.google.com\/open?id=1SDrcq1t8_0KsiDmlvSlekFrq5poNuClk\">(<\/a>106 mb)<\/p>\n<p><strong><a href=\"https:\/\/drive.google.com\/open?id=1gBxxb5XPt6LNKCIdDtdijzhw2XpvVFXD\">CVA\/ACFP Journal Vol11 1975-1976<\/a><\/strong><br \/>\n<a href=\"https:\/\/drive.google.com\/open?id=1ykwBED3jW4QDXLKXYbyG-zdrOdgPFZTl\">No1\u00a0<\/a>\u00a0\u00a0\u00a0<a href=\"https:\/\/drive.google.com\/open?id=1hXZgdNwIcEm_PvBxam3-mods1iOVRKAx\">No2\u00a0<\/a>\u00a0\u00a0\u00a0<a href=\"https:\/\/drive.google.com\/open?id=15GZzO-0C0v125rnE-Q4Wzm83vNDoB4XG\">No3\u00a0<\/a>\u00a0\u00a0\u00a0<a href=\"https:\/\/drive.google.com\/open?id=1qQcuZ8AW1iIttZLj2JHedoK3LyzGL-6K\">No4<\/a><\/p>\n<p><strong><a href=\"https:\/\/drive.google.com\/open?id=1fHQLbsFwWGiiyDGtGTBFlR9JieA_MPpo\">CVA\/ACFP Journal Vol12 1976-1977<\/a><\/strong><br \/>\n<a href=\"https:\/\/drive.google.com\/open?id=1mCUzLv7vMCF8h3meaiIUqzaJ5S1Qjngk\">No1\u00a0<\/a>\u00a0\u00a0\u00a0<a href=\"https:\/\/drive.google.com\/open?id=1Hi8KY9GvAmTnGjbdH6nddc2JokfjU5j0\">No2\u00a0<\/a>\u00a0\u00a0\u00a0<a href=\"https:\/\/drive.google.com\/open?id=14fdieNF604l6oQZ4g5Ru_ZLS2zKnuy1f\">No3 Conference report<br \/>\n<\/a><\/p>\n<p><strong><a href=\"https:\/\/drive.google.com\/open?id=1yy71NsQTE0OsKRpig0slbWGNUagHVhgA\">CVA\/ACFP Journal Vol13 1977-1978<\/a><\/strong><br \/>\n<a href=\"https:\/\/drive.google.com\/open?id=1lvYj2gv7O2M0zOle-c-zKt4CpsN5Z0rz\">No1\u00a0<\/a>\u00a0\u00a0\u00a0<a href=\"https:\/\/drive.google.com\/open?id=1WhvntiJ4FUM8KN879qwOOaYfUjwg_8eZ\">No2\u00a0<\/a>\u00a0\u00a0\u00a0<a href=\"https:\/\/drive.google.com\/open?id=1sL8TfGzKZ2hYJLdmMC8aKk29AuYoq7MB\">No3 Conference repor<\/a>\u00a0\u00a0\u00a0<a href=\"https:\/\/drive.google.com\/open?id=1HBc1kVzjUkvSFRcCfkgwnfXLQRaIOhhO\">No4\u00a0<\/a><\/p>\n<p><strong><a href=\"https:\/\/drive.google.com\/open?id=1pPjWXHgEVSxoSjNObL7YM3Q9uSnKV9Rr\">CVA\/ACFP Journal Vol14 1978-1979<\/a><\/strong><br \/>\n<a href=\"https:\/\/drive.google.com\/open?id=1nd_6VTahADxnGk5ziRSYBtNznxppe1Pw\">No1\u00a0<\/a>\u00a0\u00a0\u00a0<a href=\"https:\/\/drive.google.com\/open?id=1BApP7wB20WAUKoMjXibWSB3QcWWxvwWN\">No2\u00a0<\/a>\u00a0\u00a0\u00a0<a href=\"https:\/\/drive.google.com\/open?id=1kY-yUGTp3YStlsOdNlCQ_PdqbFgmSFJb\">No3 Conference report\u00a0<\/a>\u00a0\u00a0\u00a0<a href=\"https:\/\/drive.google.com\/open?id=1Hx6hkw2cNSig_G-SVQnfUyFdNZqrtFsv\">No4\u00a0<\/a><\/p>\n<p><strong><a href=\"https:\/\/drive.google.com\/open?id=1cC_-XPGGTjho1xzc9SPl6hbVpcCgBRsK\">CVA\/ACFP Journal Vol15 1979-1980<\/a><\/strong><br \/>\n<a href=\"https:\/\/drive.google.com\/open?id=1s-EnMIcJvoA-Ebfl8M95j824qe2gn1M8\">No1\u00a0<\/a>\u00a0\u00a0\u00a0<a href=\"https:\/\/drive.google.com\/open?id=1u8UJollWFJ52P6Usi4TZjm8l5yGjC4yU\">No2\u00a0<\/a>\u00a0\u00a0\u00a0<a href=\"https:\/\/drive.google.com\/open?id=1JkyKu5SxTl31QHaMQNtgA36PIIMXQPqu\">No3 Conference report<\/a>\u00a0\u00a0\u00a0\u00a0<a href=\"https:\/\/drive.google.com\/open?id=1Oqo3DtyHXCpm5CAG8-1g5bYb9qe2kzcu\">No4\u00a0<\/a><\/p>\n<p><strong><a href=\"https:\/\/drive.google.com\/open?id=1EgXybNmn0uXW4eBMmg-HnxUF5NbLmINI\">CVA\/ACFP Journal Vol16 1980-1981<\/a><\/strong><br \/>\n<a href=\"https:\/\/drive.google.com\/open?id=1LL8wbVzyFCo27dddcw9oM5zIVSzcKDYt\">No1\u00a0<\/a>\u00a0\u00a0\u00a0<a href=\"https:\/\/drive.google.com\/open?id=1v5wVMPWIFzEtCuuchCuD-xmx9jHN3Z3-\">No2\u00a0<\/a>\u00a0\u00a0\u00a0<a href=\"https:\/\/drive.google.com\/open?id=1SVdxG5yxhEgfxMXayX6KUBGLAz87G5hf\">No3 Conference report\u00a0<\/a>\u00a0\u00a0\u00a0<a href=\"https:\/\/drive.google.com\/open?id=1WgmOBFnDIMJ1i4lmCaiITyZaBrqPOEtt\">No4 Conference report<\/a><\/p>\n<p><strong><a href=\"https:\/\/drive.google.com\/open?id=1LpvcVOZfIG0zn8lRkM_Ep4FdET-mjCsj\">CVA\/ACFP Journal Vol17 1981-1982<\/a><\/strong><br \/>\n<a href=\"https:\/\/drive.google.com\/open?id=1MnaDO2CE2SxXth2Nky6PpL-fyFWhqDRA\">No1\u00a0<\/a>\u00a0\u00a0\u00a0<a href=\"https:\/\/drive.google.com\/open?id=1mMAFoCkWJdt58cOGvAo95iYb4BwayOng\">No2\u00a0<\/a>\u00a0\u00a0\u00a0<a href=\"https:\/\/drive.google.com\/open?id=1FESB3OZw-Kx9XF-wjug_QXDvfeTnMQLj\">No3 Conference report\u00a0<\/a>\u00a0\u00a0\u00a0<a href=\"https:\/\/drive.google.com\/open?id=1BYblYymVk_gH1mOrwqUGWzoCrtbiC_p3\">No4\u00a0<\/a><\/p>\n<p><strong><a href=\"https:\/\/drive.google.com\/open?id=1c85c69PgNczuhe53hy3TZdfVa4blmTZA\">CVA ACFP Journal Vol18 No2 1982<\/a><\/strong><br \/>\n<a href=\"https:\/\/drive.google.com\/open?id=1Zq9lXaFFgC9rcXCCF4NfCtYvb4I5WnLr\">No1\u00a0<\/a>\u00a0\u00a0\u00a0<a href=\"https:\/\/drive.google.com\/open?id=1c85c69PgNczuhe53hy3TZdfVa4blmTZA\">No2\u00a0<\/a>\u00a0\u00a0\u00a0<a href=\"https:\/\/drive.google.com\/open?id=1HOlijl-Umn6TV8223x5m8wcBz_3SPl4t\">No3 Conference report\u00a0<\/a>\u00a0\u00a0\u00a0<a href=\"https:\/\/drive.google.com\/open?id=1Rotlwtn5kPZSskff6wxfBzL5z-UwCHen\">No4\u00a0<\/a><\/p>\n<p><strong><a href=\"https:\/\/drive.google.com\/open?id=1qqcJxOIkMjRcfbrZiVIPWWG47kiVtpAM\">CVA\/ACFP Journal Vol19 1983-1984<\/a><\/strong><br \/>\n<a href=\"https:\/\/drive.google.com\/open?id=1WFBDs0RtaCLaNhDIbbV6a4lZZuNNR4zB\">No1\u00a0<\/a>\u00a0\u00a0\u00a0<a href=\"https:\/\/drive.google.com\/open?id=1e1N0dtFCWVnHsd0I4ubVC3CKWQgsZ98E\">No2\u00a0<\/a>\u00a0\u00a0\u00a0<a href=\"https:\/\/drive.google.com\/open?id=1fQ8vP41c4FeNky-D8R-K3-8l0D8z0PKf\">No3\u00a0<\/a>\u00a0\u00a0\u00a0<a href=\"https:\/\/drive.google.com\/open?id=1rMGfa58pHMfrjK4_NhT5pj35fBqVi3pJ\">No4\u00a0<\/a><\/p>\n<p><strong><a href=\"https:\/\/drive.google.com\/open?id=1YnbhC292Dw9QXctasmAqzVTCy11khkrv\">CVA\/ACFP Journal Vol20 1984-1985<\/a><\/strong><br \/>\n<a href=\"https:\/\/drive.google.com\/open?id=17da7CCPGkUv3iKn-gJIxBqOTvA3BFsvI\">No1\u00a0<\/a>\u00a0\u00a0\u00a0<a href=\"https:\/\/drive.google.com\/open?id=1gh7t0Q2CJVbRqrc8PctfuA2fNd2tC4Hc\">No2\u00a0<\/a>\u00a0\u00a0\u00a0<a href=\"https:\/\/drive.google.com\/open?id=15vZ7HvxH8XakCRjvv1_VSIX8L9dUmnt0\">No3\u00a0<\/a>\u00a0\u00a0\u00a0<a href=\"https:\/\/drive.google.com\/open?id=1Y9cvwiZM49WeWyHXcDd4Bd08tkWiiC1r\">No4\u00a0<\/a><\/p>\n<p><strong><a href=\"https:\/\/drive.google.com\/open?id=1PaBKaalylhgr2zGyuPXJc9dJUvKFld5i\">CVA\/ACFP Journal Vol21 1985-1986<\/a><\/strong><br \/>\n<a href=\"https:\/\/drive.google.com\/open?id=1Y9cvwiZM49WeWyHXcDd4Bd08tkWiiC1r\">No1\u00a0<\/a>\u00a0\u00a0\u00a0<a href=\"https:\/\/drive.google.com\/open?id=17guqDO9s1qSqAG9PN9rcLHpcORKI6T3l\">No2\u00a0<\/a>\u00a0\u00a0\u00a0<a href=\"https:\/\/drive.google.com\/open?id=1-GtHw0JfPqDnY4evXWxW0hk6SCvvk5DE\">No3\u00a0<\/a>\u00a0\u00a0\u00a0<a href=\"https:\/\/drive.google.com\/open?id=1l1wrY4gyii1RmGubyjN1_R_Da2VgOj5l\">No4\u00a0<\/a><\/p>\n<p><strong><a href=\"https:\/\/drive.google.com\/open?id=10xALsuwjDvZxqf9PbHUOybHiOxoD_v_5\">CVA\/ACFP Journal Vol22 1986-1987<\/a><\/strong><br \/>\n<a href=\"https:\/\/drive.google.com\/open?id=1rOAtnraRhk5B0D45E3vBJxIVqeMF_Re1\">No1\u00a0<\/a>\u00a0\u00a0\u00a0<a href=\"https:\/\/drive.google.com\/open?id=1ZllyL5bdiajxiiTuEhyRoDMZ5xkaXhQc\">No2 &amp; No3\u00a0<\/a>\u00a0\u00a0\u00a0<a href=\"https:\/\/drive.google.com\/open?id=1O_U_oOjaJ1RqfO9uC9w_2LbTMHCgsIoI\">No4\u00a0<\/a><\/p>\n<p><strong><a href=\"https:\/\/drive.google.com\/open?id=1mBeF-B4b5lOx887iwfOeOYdEGL1B0RJV\">CVA\/ACFP Journal Vol23 1987-1988<\/a><\/strong><br \/>\n<a href=\"https:\/\/drive.google.com\/open?id=15VC9-aoEiqPGcxcihI2aG4obDhXKyKJd\">No1\u00a0<\/a>\u00a0\u00a0\u00a0<a href=\"https:\/\/drive.google.com\/open?id=1EN2kAugUpSeyy191MXHn3mWJG5kWmT8O\">No2\u00a0<\/a>\u00a0\u00a0\u00a0<a href=\"https:\/\/drive.google.com\/open?id=1LoLQVXRXcPabC4uLNraM4I8Ybi_52Uk2\">No3 &amp; No4\u00a0<\/a><\/p>\n<p><strong><a href=\"https:\/\/drive.google.com\/open?id=1iDrZg2IQ35tfJHeWEDeb3h5f35ilkr6c\">CVA\/ACFP Journal Vol24 1988-1989<\/a><\/strong><br \/>\n<a href=\"https:\/\/drive.google.com\/open?id=1fEbs1LycrbxDtCX_say2D-e7DS5AZMMe\">No1\u00a0<\/a>\u00a0\u00a0\u00a0<a href=\"https:\/\/drive.google.com\/open?id=1K42THdda3riuyfEEaF6ka85xEVxr5hTA\">No2 Conference report\u00a0<\/a>\u00a0\u00a0\u00a0<a href=\"https:\/\/drive.google.com\/open?id=1OiHcQLTePCjGuZxRWr8mZAxUFGEuUc0s\">No4\u00a0<\/a>\u00a0\u00a0\u00a0<a href=\"https:\/\/drive.google.com\/open?id=15Bx9S9-75U23ZRMIhLJY3OMB2GDDOO3N\">No5\u00a0<\/a><\/p>\n<p><strong><a href=\"https:\/\/drive.google.com\/open?id=1l2nsZYH0-WCekgLKJ7PAgjNOVfAov-yv\">CVA\/ACFP Journal Vol25 1989-1990<\/a><\/strong><br \/>\n<a href=\"https:\/\/drive.google.com\/open?id=1rNPMx0WzPMebHRqlbZPvDAuyP9hGfqxn\">No2 Conference report\u00a0<\/a>\u00a0\u00a0\u00a0<a href=\"https:\/\/drive.google.com\/open?id=1-SWEUCpt88pO0EcdEFeN_nD2H9QIswev\">No3\u00a0<\/a>\u00a0\u00a0\u00a0<a href=\"https:\/\/drive.google.com\/open?id=1sjNSCN3FPTRFrTORmEN5SBmVCKkTs3cA\">No4\u00a0<\/a><\/p>\n<p><strong><a href=\"https:\/\/drive.google.com\/open?id=1o9EtpD_FLCb7cjn-DbmKifwnjW8arTHB\">CVA\/ACFP Journal Vol26 1990-1991<\/a><\/strong><br \/>\n<a href=\"https:\/\/drive.google.com\/open?id=1EoWDvG_SviuSg1Q7motPeLbfc_XRO3fB\">No1\u00a0<\/a>\u00a0\u00a0\u00a0<a href=\"https:\/\/drive.google.com\/open?id=1c7CI-sWkx1Iy6w2kuwpO7fYigmCvKV3A\">No2\u00a0<\/a>\u00a0\u00a0\u00a0<a href=\"https:\/\/drive.google.com\/open?id=1grvSe34hFc5UTcRy3Vd0az_W90H8mHta\">No3\u00a0<\/a>\u00a0\u00a0\u00a0<a href=\"https:\/\/drive.google.com\/open?id=1fPNBjAP8D1Y8y_Xqs0io50U48qUqlaV-\">No4\u00a0<\/a><\/p>\n<p><strong><a href=\"https:\/\/drive.google.com\/open?id=1Btac6hvXS8No7l-XfUtCrn5KUA_3ABmB\">CVA\/ACFP Journal Vol27 1991-1992<\/a><\/strong><br \/>\n<a href=\"https:\/\/drive.google.com\/open?id=1QoI2FJ1B3XWfMfTsrxBfYeWDC6XN4t_6\">No1\u00a0<\/a>\u00a0\u00a0\u00a0<a href=\"https:\/\/drive.google.com\/open?id=1nyNA2ZV3u_V1kSvX4c5r_SZ-17cY_KmZ\">No2\u00a0<\/a>\u00a0\u00a0\u00a0<a href=\"https:\/\/drive.google.com\/open?id=1gEcqeeNdVFxrbVEBr5RPYov5OsWbJJyv\">No3\u00a0<\/a>\u00a0\u00a0\u00a0<a href=\"https:\/\/drive.google.com\/open?id=1p9Luf-w1DOMKxaTfOjoSFLgAQIdpTjoe\">No4\u00a0<\/a><\/p>\n<p><strong><a href=\"https:\/\/drive.google.com\/open?id=1XbqmFmVAFT4bjGnn_leZk1q8faPljhuB\">CVA\/ACFP Journal Vol28 1992-1993<\/a><\/strong><br \/>\n<a href=\"https:\/\/drive.google.com\/open?id=1MHOI2lj5j4kVXqahC5PmuI9Shg_es3rr\">No1\u00a0<\/a>\u00a0\u00a0\u00a0<a href=\"https:\/\/drive.google.com\/open?id=14LIv3bNSMg9XzB5ai9c_vRBV20zIOrbc\">No4\u00a0<\/a><\/p>\n<p><strong><a href=\"https:\/\/drive.google.com\/open?id=1ORFGqeqav_RMEbSbB0pDiFbGfAWBvASf\">CVA\/ACFP Journal Vol29 1993-1994<\/a><\/strong><br \/>\n<a href=\"https:\/\/drive.google.com\/open?id=1pMX_GpJL-JFVFPCPBlc4r06VAXoj0Tb7\">No1\u00a0<\/a>\u00a0\u00a0\u00a0<a href=\"https:\/\/drive.google.com\/open?id=1-loGhos94jYKcaroQe8UtiQKFZksj_E5\">No2\u00a0<\/a>\u00a0\u00a0\u00a0<a href=\"https:\/\/drive.google.com\/open?id=1RBVWmRZ-THPMRVyccv52tUaPSEMsLQXq\">No4<\/a><\/p>\n<p><strong><a href=\"https:\/\/drive.google.com\/open?id=1kPpPo3gmpN-_IWUEIy7b5PpkZPq0lOLI\">CVA\/ACFP Journal Vol30 1994-1995<\/a><\/strong><br \/>\n<a href=\"https:\/\/drive.google.com\/open?id=1M2B8-cHJO9ceDbILORroraXtACPOiYLB\">No1\u00a0<\/a>\u00a0\u00a0\u00a0<a href=\"https:\/\/drive.google.com\/open?id=1GAGFYSM22IotfkuVng88qBniZu4aGq9x\">No3<\/a><\/p>\n<p><strong><a href=\"https:\/\/drive.google.com\/open?id=1OH66nmfjx0e5Dqkuxd1O-y2gZcMAZbFl\">CVA\/ACFP Journal Vol31 1995-1996<\/a><\/strong><br \/>\n<a href=\"https:\/\/drive.google.com\/open?id=1Sk8qEJ2dnexMfccKpSUqNzta_mG4TRc7\">No1\u00a0<\/a>\u00a0\u00a0\u00a0<a href=\"https:\/\/drive.google.com\/open?id=1gvjvAQ5yK-ZY4iLAQQX1sTN1q2EV1lKx\">No2\u00a0<\/a>\u00a0\u00a0\u00a0<a href=\"https:\/\/drive.google.com\/open?id=1UNVEVvQxfrGmllofD6HNSZQaA6PbVT3V\">No3\u00a0<\/a>\u00a0\u00a0\u00a0<a href=\"https:\/\/drive.google.com\/open?id=10hicx1_hY19Atj83uckh3QgWd1c-t_YO\">No4\u00a0<\/a><\/p>\n<p><strong><a href=\"https:\/\/drive.google.com\/open?id=1_dXXYAH1rCwhGVxV2Yk_ZC3kzjyOklsK\">CVA\/ACFP Journal Vol32 1996-1997<\/a><\/strong><br \/>\n<a href=\"https:\/\/drive.google.com\/open?id=1c3zm6PJhzgZRZa0b-6uSIPzHq0A8viPm\">No1\u00a0<\/a>\u00a0\u00a0\u00a0<a href=\"https:\/\/drive.google.com\/open?id=1aRaJJUvD87w5JFHldJp7DBNMAUat1We9\">No2\u00a0<\/a>\u00a0\u00a0\u00a0<a href=\"https:\/\/drive.google.com\/open?id=1dPyqR6N4rrnp_CuQsZUCPaFs8UIZmmEu\">No3\u00a0<\/a>\u00a0\u00a0\u00a0<a href=\"https:\/\/drive.google.com\/open?id=1qZ5qLGxIxOlCfiF7sPbdKWVYqC_OgZ-x\">No4\u00a0<\/a><\/p>\n<p><strong><a href=\"https:\/\/drive.google.com\/open?id=1RqLMFxf30qhgtD391kBlIawOEUlYIK4a\">CVA\/ACFP Journal Vol33 1997-1998<\/a><\/strong><br \/>\n<a href=\"https:\/\/drive.google.com\/open?id=10_rWKwzJn_Fv4RFvCzKsf6hh9u_CXP8u\">No1 Conference report\u00a0<\/a>\u00a0\u00a0\u00a0<a href=\"https:\/\/drive.google.com\/open?id=10RwQYhNY-7goUTJpq_bt6OIzrXkM256B\">No2\u00a0<\/a>\u00a0\u00a0\u00a0<a href=\"https:\/\/drive.google.com\/open?id=1j6q6deE_t0FSz20ky90SEXYdCjwX0_HI\">No3\u00a0<\/a>\u00a0\u00a0\u00a0<a href=\"https:\/\/drive.google.com\/open?id=1yvkv0Abk5R4_5eXL7wEQpAWCyAS82E2p\">No4\u00a0<\/a><\/p>\n<p><strong><a href=\"https:\/\/drive.google.com\/open?id=11bRJ3168ujHD9r0AGZtLXhX04It8iQyP\">CVA\/ACFP Journal Vol34 1999-2000<\/a><\/strong><br \/>\n<a href=\"https:\/\/drive.google.com\/open?id=1X82wsgOC9ts5OBdOKJqgdPg44nrlVbX7\">No1 Conference report<\/a>\u00a0\u00a0\u00a0<a href=\"https:\/\/drive.google.com\/open?id=15TYlOyj9T3m0koMGWD1ykvr2GLxCX34S\">\u00a0No2\u00a0<\/a>\u00a0\u00a0\u00a0<a href=\"https:\/\/drive.google.com\/open?id=1ZemzxNDNiJaw7dz4bJHuXA9MwVTe91BY\">No3\u00a0<\/a>\u00a0\u00a0\u00a0<a href=\"https:\/\/drive.google.com\/open?id=1tD_uuSCLS2SuDSQcKYpKvx4cvWCqWd_o\">No4\u00a0<\/a><\/p>\n<p><strong><a href=\"https:\/\/drive.google.com\/open?id=1jjv-4nnf5-4TfatkapjjexI7-rhGz7U_\">CVA\/ACFP Journal Vol35 2001-2002<\/a><\/strong><br \/>\n<a href=\"https:\/\/drive.google.com\/open?id=1vSc2_aCw-jHQAvx0QP1xkqDfJUadNR8o\">No1 Conference report\u00a0<\/a>\u00a0\u00a0\u00a0<a href=\"https:\/\/drive.google.com\/open?id=1h1Ef2-B2HN_rmLrKFYK5kcoSFR51p96f\">No2\u00a0<\/a>\u00a0\u00a0\u00a0<a href=\"https:\/\/drive.google.com\/open?id=1cdDnWk-NMmGOk6QRB4OY1W_LbUutv2vM\">No3\u00a0<\/a>\u00a0\u00a0\u00a0<a href=\"https:\/\/drive.google.com\/open?id=16lg9o0-0Mnlgu1dexBa3X7Ot0hQ59xzH\">No4\u00a0<\/a><\/p>\n<p><strong><a href=\"https:\/\/drive.google.com\/open?id=1pkKDujvJosl4HiRfW8oGDCNCxi8hWSbz\">CVA\/ACFP Journal Vol36 2002<\/a><\/strong><br \/>\n<a href=\"https:\/\/drive.google.com\/open?id=1pkKDujvJosl4HiRfW8oGDCNCxi8hWSbz\">No1\u00a0<\/a><\/p>\n","protected":false},"excerpt":{"rendered":"<p>Le Journal bilingue de l\u2019Association canadienne de la formation professionnelle a \u00e9t\u00e9 publi\u00e9 par l\u2019ACFP de 1965 \u00e0 2002. Ce Journal de l\u2019ACFP \u00e9tait publi\u00e9 sous la direction d\u2019une \u00e9quipe bilingue et d\u2019un \u00e9diteur professionnel et a longtemps b\u00e9n\u00e9fici\u00e9 de <span class=\"excerpt-dots\">&hellip;<\/span> <a class=\"more-link\" href=\"https:\/\/cva-acfp.org\/fr\/publications\/journal-de-cva-acfp\/\"><span class=\"more-msg\">Lire la suite &rarr;<\/span><\/a><\/p>\n","protected":false},"author":7,"featured_media":0,"parent":10100,"menu_order":30,"comment_status":"closed","ping_status":"closed","template":"","meta":{"_monsterinsights_skip_tracking":false,"_monsterinsights_sitenote_active":false,"_monsterinsights_sitenote_note":"","_monsterinsights_sitenote_category":0,"footnotes":""},"class_list":["post-10109","page","type-page","status-publish","hentry"],"_links":{"self":[{"href":"https:\/\/cva-acfp.org\/fr\/wp-json\/wp\/v2\/pages\/10109","targetHints":{"allow":["GET"]}}],"collection":[{"href":"https:\/\/cva-acfp.org\/fr\/wp-json\/wp\/v2\/pages"}],"about":[{"href":"https:\/\/cva-acfp.org\/fr\/wp-json\/wp\/v2\/types\/page"}],"author":[{"embeddable":true,"href":"https:\/\/cva-acfp.org\/fr\/wp-json\/wp\/v2\/users\/7"}],"replies":[{"embeddable":true,"href":"https:\/\/cva-acfp.org\/fr\/wp-json\/wp\/v2\/comments?post=10109"}],"version-history":[{"count":12,"href":"https:\/\/cva-acfp.org\/fr\/wp-json\/wp\/v2\/pages\/10109\/revisions"}],"predecessor-version":[{"id":11682,"href":"https:\/\/cva-acfp.org\/fr\/wp-json\/wp\/v2\/pages\/10109\/revisions\/11682"}],"up":[{"embeddable":true,"href":"https:\/\/cva-acfp.org\/fr\/wp-json\/wp\/v2\/pages\/10100"}],"wp:attachment":[{"href":"https:\/\/cva-acfp.org\/fr\/wp-json\/wp\/v2\/media?parent=10109"}],"curies":[{"name":"wp","href":"https:\/\/api.w.org\/{rel}","templated":true}]}}