


{"id":10107,"date":"2021-07-06T22:03:49","date_gmt":"2021-07-06T22:03:49","guid":{"rendered":"http:\/\/cva-acfp.org\/development\/?page_id=10107"},"modified":"2022-11-08T15:57:22","modified_gmt":"2022-11-08T15:57:22","slug":"publications-thematiques","status":"publish","type":"page","link":"https:\/\/cva-acfp.org\/fr\/publications\/publications-thematiques\/","title":{"rendered":"Publications th\u00e9matiques"},"content":{"rendered":"<p>L\u2019Association canadienne de la formation professionnelle pr\u00e9pare ou publie des publications th\u00e9matiques afin de fournir un moyen de partager le fruit de son exp\u00e9rience ou de ses r\u00e9flexions sur divers sujets ou probl\u00e9matiques concernant la formation technique et professionnelle, principalement au Canada.<\/p>\n<p>Chaque publication traite en profondeur d\u2019un sujet donn\u00e9. Ces publications th\u00e9matiques sont publi\u00e9es pour susciter un \u00e9change sur une tendance ou une probl\u00e9matique \u00e9mergente en formation technique et professionnelle ou pour documenter des r\u00e9alisations nationales ou r\u00e9gionales.\u00a0 Les points de vue exprim\u00e9s ne sont pas n\u00e9cessairement ceux de l\u2019ACFP.<\/p>\n<p><b>Titre :\u00a0<a href=\"https:\/\/drive.google.com\/open?id=1JctrgF0twmzRQ4EMLTzNMzGbCoraCeqZ\" target=\"_blank\" rel=\"noopener\">Technology Education Issues in British Columbia, 2011<\/a><br \/>\nAuteur:<\/b>\u00a0Dr Blane Despr\u00e9s<b><br \/>\n<\/b><i>En anglais seulement<\/i><\/p>\n<p><b>Titre :\u00a0<\/b><b><a title=\"Holland college\" href=\"https:\/\/drive.google.com\/open?id=0B5NJqo0Ayn92emlaOWtwQUR4TU8xLThaRkRDTjRtQlBQdXhZ\" target=\"_blank\" rel=\"noopener\">As I Remember Holland College: Views and Vignettes, 2011<br \/>\n<\/a><\/b><b>Auteur :<\/b>\u00a0Dr Donald Glendenning<br \/>\n\u00c0 titre de pr\u00e9sident-fondateur, le docteur Don Glendenning a r\u00e9dig\u00e9 ses r\u00e9flections sur le Holland College. Pour toute personne s\u2019int\u00e9ressant au d\u00e9veloppement de la formation dite par comp\u00e9tence au Canada, cet ouvrage constitue une excellent document de r\u00e9f\u00e9rence \u00e9crit par une de nos sommit\u00e9s dans le domaine de l\u2019\u00e9ducation au Canada. Nous vous encourageons \u00e0 le lire et \u00e0 inviter vos coll\u00e8gues \u00e0 faire de m\u00eame.<br \/>\n<i>En anglais seulement<\/i><\/p>\n<p><b>Titre :\u00a0<\/b><a href=\"https:\/\/drive.google.com\/open?id=0B5NJqo0Ayn92eWFLQ2JFRVBLSjQ\" target=\"_blank\" rel=\"noopener\"><strong>DACUM Roots, 1995<\/strong><\/a><br \/>\n<b>Auteur :\u00a0<\/b>Dr Donald Glendenning<br \/>\nEn francais\u00a0<a href=\"https:\/\/drive.google.com\/file\/d\/0B5NJqo0Ayn92eENhdXlRNWN1a1U\/view\" target=\"_blank\" rel=\"noopener\"><strong>Origines du DACUM, 1995<\/strong><\/a><\/p>\n<p><b>Tittre :<\/b>\u00a0<strong><a href=\"https:\/\/drive.google.com\/open?id=1PXDtUKD6eXi1xfoXQe1cRu1mnWnRkhxj\" target=\"_blank\" rel=\"noopener\">The Canadian Restructured School Plan, 1993<\/a><\/strong><br \/>\n<b>Auteurs :\u00a0<\/b>Douglas G.Crawford and Gail C. Crawford<br \/>\n<i>En anglais seulement<\/i><br \/>\n<b><\/b><\/p>\n<p><b>Titre :\u00a0<\/b><strong><a title=\"Vocational education\" href=\"https:\/\/drive.google.com\/file\/d\/1C1_xqQIhPqRgsFOh85_NZBjX273gGhbE\/view?usp=share_link\" target=\"_blank\" rel=\"noopener\">Issues in Vocational Education, 1992\u00a0<\/a><\/strong><br \/>\n<b>Auteurs :<\/b>\u00a0Michael Chapman, Larry Coffin, Donald Glendenning, Barb Reid, W. Savoie<br \/>\nEn fran\u00e7ais\u00a0<strong><a href=\"https:\/\/drive.google.com\/open?id=1g_tYnpgCOvgmHW8Iby7rDCZa5cn12Dz6\" target=\"_blank\" rel=\"noopener\">Pr\u00e9ocupations relatives \u00e0 l\u2019enseignement professionnel 1992<\/a><\/strong><\/p>\n<p><strong>Titre :\u00a0<a href=\"https:\/\/drive.google.com\/file\/d\/1li7HtETBP7FxuJvCnmHZ2-5wIyjcwg8E\/view?usp=share_link\" target=\"_blank\" rel=\"noopener\">Out of Stream And Into the River, 1992<\/a><\/strong><br \/>\n<b>Auteure :<\/b>\u00a0Marcia Braundy<br \/>\n<i>En anglais seulement<\/i><\/p>\n<p><b>Titre :<\/b>\u00a0<strong><a href=\"https:\/\/drive.google.com\/open?id=1UaJn3LnmfYFXK719woInJJY86xAbmOVH\" target=\"_blank\" rel=\"noopener\">The Education of Engineering Technicians and Technologists, 1991<\/a><\/strong><br \/>\n<b>Auteur :<\/b>\u00a0John E. Terry<br \/>\n<i>En anglais seulement<\/i><\/p>\n<p><b>Titre :<\/b>\u00a0<strong><a href=\"https:\/\/drive.google.com\/open?id=1Dv0rhQLziJiMWJiz6Mya1WJe_6e7tThe\" target=\"_blank\" rel=\"noopener\">Training for Mastery in Secondary Vocational Education, 1990<\/a><\/strong><br \/>\n<b>Auteur :<\/b>\u00a0Douglas G. Crawford<br \/>\nEn fran\u00e7ais<b>\u00a0<a href=\"https:\/\/drive.google.com\/open?id=1hB24XO-XRPAmIQmp680pCFn0OzVg6_56\" target=\"_blank\" rel=\"noopener\">Apprentissage par la maitrise dans l \u2018enseignement professionnel au secondaire, 1990<\/a><\/b><\/p>\n<h3><\/h3>\n<h3>\u00cates-vous int\u00e9ress\u00e9(e) \u00e0 soumettre un \u00e9crit?<\/h3>\n<p>Si vous \u00eates int\u00e9ress\u00e9(e) \u00e0 publier un \u00e9crit sur un th\u00e8me en particulier, vous \u00eates pri\u00e9(e) de communiquer avec\u00a0<a href=\"mailto:info@cva-acfp.org\">info@cva-acfp.org<\/a>.<\/p>\n","protected":false},"excerpt":{"rendered":"<p>L\u2019Association canadienne de la formation professionnelle pr\u00e9pare ou publie des publications th\u00e9matiques afin de fournir un moyen de partager le fruit de son exp\u00e9rience ou de ses r\u00e9flexions sur divers sujets ou probl\u00e9matiques concernant la formation technique et professionnelle, principalement <span class=\"excerpt-dots\">&hellip;<\/span> <a class=\"more-link\" href=\"https:\/\/cva-acfp.org\/fr\/publications\/publications-thematiques\/\"><span class=\"more-msg\">Lire la suite &rarr;<\/span><\/a><\/p>\n","protected":false},"author":7,"featured_media":0,"parent":10100,"menu_order":20,"comment_status":"closed","ping_status":"closed","template":"","meta":{"_monsterinsights_skip_tracking":false,"_monsterinsights_sitenote_active":false,"_monsterinsights_sitenote_note":"","_monsterinsights_sitenote_category":0,"footnotes":""},"class_list":["post-10107","page","type-page","status-publish","hentry"],"_links":{"self":[{"href":"https:\/\/cva-acfp.org\/fr\/wp-json\/wp\/v2\/pages\/10107","targetHints":{"allow":["GET"]}}],"collection":[{"href":"https:\/\/cva-acfp.org\/fr\/wp-json\/wp\/v2\/pages"}],"about":[{"href":"https:\/\/cva-acfp.org\/fr\/wp-json\/wp\/v2\/types\/page"}],"author":[{"embeddable":true,"href":"https:\/\/cva-acfp.org\/fr\/wp-json\/wp\/v2\/users\/7"}],"replies":[{"embeddable":true,"href":"https:\/\/cva-acfp.org\/fr\/wp-json\/wp\/v2\/comments?post=10107"}],"version-history":[{"count":8,"href":"https:\/\/cva-acfp.org\/fr\/wp-json\/wp\/v2\/pages\/10107\/revisions"}],"predecessor-version":[{"id":11166,"href":"https:\/\/cva-acfp.org\/fr\/wp-json\/wp\/v2\/pages\/10107\/revisions\/11166"}],"up":[{"embeddable":true,"href":"https:\/\/cva-acfp.org\/fr\/wp-json\/wp\/v2\/pages\/10100"}],"wp:attachment":[{"href":"https:\/\/cva-acfp.org\/fr\/wp-json\/wp\/v2\/media?parent=10107"}],"curies":[{"name":"wp","href":"https:\/\/api.w.org\/{rel}","templated":true}]}}