


{"id":10089,"date":"2021-07-06T21:42:32","date_gmt":"2021-07-06T21:42:32","guid":{"rendered":"http:\/\/cva-acfp.org\/development\/?page_id=10089"},"modified":"2025-04-24T16:36:01","modified_gmt":"2025-04-24T20:36:01","slug":"services-dacum-plus","status":"publish","type":"page","link":"https:\/\/cva-acfp.org\/fr\/services-dacum-plus\/","title":{"rendered":"Services DACUM PLUS"},"content":{"rendered":"<div id=\"pl-10089\"  class=\"panel-layout\" ><div id=\"pg-10089-0\"  class=\"panel-grid panel-has-style\" ><div id=\"training_certification\" class=\"panel-row-style panel-row-style-for-10089-0\" ><div id=\"pgc-10089-0-0\"  class=\"panel-grid-cell\" ><div id=\"panel-10089-0-0-0\" class=\"so-panel widget widget_sow-image panel-first-child widgetopts-SO\" data-index=\"0\" ><div class=\"panel-widget-style panel-widget-style-for-10089-0-0-0\" ><div\n\t\t\t\n\t\t\tclass=\"so-widget-sow-image so-widget-sow-image-default-8b5b6f678277-10089\"\n\t\t\t\n\t\t>\n<div class=\"sow-image-container\">\n\t\t<img \n\tsrc=\"https:\/\/cva-acfp.org\/wp-content\/uploads\/DACUMPlus-trademark_logo-opt.png\" width=\"820\" height=\"130\" srcset=\"https:\/\/cva-acfp.org\/wp-content\/uploads\/DACUMPlus-trademark_logo-opt.png 820w, https:\/\/cva-acfp.org\/wp-content\/uploads\/DACUMPlus-trademark_logo-opt-300x48.png 300w, https:\/\/cva-acfp.org\/wp-content\/uploads\/DACUMPlus-trademark_logo-opt-768x122.png 768w\" sizes=\"(max-width: 820px) 100vw, 820px\" alt=\"\" \t\tclass=\"so-widget-image\"\/>\n\t<\/div>\n\n<\/div><\/div><\/div><div id=\"panel-10089-0-0-1\" class=\"so-panel widget widget_sow-editor panel-last-child widgetopts-SO\" data-index=\"1\" ><div class=\"panel-widget-style panel-widget-style-for-10089-0-0-1\" ><div\n\t\t\t\n\t\t\tclass=\"so-widget-sow-editor so-widget-sow-editor-base\"\n\t\t\t\n\t\t>\n<div class=\"siteorigin-widget-tinymce textwidget\">\n\t<h3>LES PROGRAMMES DE FORMATION ET DE CERTIFICATION DACUM DE L'ACFP<\/h3>\n<p>Le programme de formation et de certification \u00e0 la m\u00e9thode DACUM de l\u2019ACFP a \u00e9t\u00e9 inaugur\u00e9 en 1993. Il a \u00e9t\u00e9 initialement d\u00e9velopp\u00e9 par Larry Coffin, cofondateur du Holland College (\u00cele-du-Prince-\u00c9douard, Canada), principal expert de la m\u00e9thode DACUM jusqu'\u00e0 sa retraite en 2006. \u00c0 ce jour, plus de 3 000 personnes ont suivi au moins un des modules du programme.<\/p>\n<p>Le but de cette formation est de promouvoir les meilleures pratiques relatives \u00e0 la m\u00e9thode DACUM.<\/p>\n<p>DACUM <em>Plus<\/em> est une marque d\u00e9pos\u00e9e adopt\u00e9e par le conseil d'administration de l\u2019ACFP pour souligner que, au-del\u00e0 de son intention initiale, la m\u00e9thode DACUM comporte d'autres avantages importants tels :<\/p>\n<ul>\n<li>Une coop\u00e9ration et partenariat permanents entre les milieux de la formation et de l'emploi.<\/li>\n<li>La possibilit\u00e9 d\u2019utiliser l'analyse DACUM comme outil de gestion des comp\u00e9tences pour les gouvernements, les employeurs, les associations sectorielles ou professionnelles et les travailleurs individuels.<\/li>\n<li>La flexibilit\u00e9 et la capacit\u00e9 d\u2019adaptation de la m\u00e9thode DACUM.<\/li>\n<\/ul>\n<p>&nbsp;<\/p>\n<p>DACUM <em>Plus<\/em> vise \u00e0 distinguer l'ACFP des programmes DACUM offerts par d'autres organismes.<\/p>\n<\/div>\n<\/div><\/div><\/div><\/div><\/div><\/div><div id=\"pg-10089-1\"  class=\"panel-grid panel-no-style\" ><div id=\"pgc-10089-1-0\"  class=\"panel-grid-cell\" ><div id=\"panel-10089-1-0-0\" class=\"so-panel widget widget_sow-editor panel-first-child widgetopts-SO\" data-index=\"2\" ><div class=\"toggle_box panel-widget-style panel-widget-style-for-10089-1-0-0\" ><div\n\t\t\t\n\t\t\tclass=\"so-widget-sow-editor so-widget-sow-editor-base\"\n\t\t\t\n\t\t>\n<div class=\"siteorigin-widget-tinymce textwidget\">\n\t<input type='hidden' bg_collapse_expand='69d27a7a61c232088283686' value='69d27a7a61c232088283686'><input type='hidden' id='bg-show-more-text-69d27a7a61c232088283686' value='Quelles sont les formations et les certifications offertes dans le cadre du programme DACUM Plus?'><input type='hidden' id='bg-show-less-text-69d27a7a61c232088283686' value='Quelles sont les formations et les certifications offertes dans le cadre du programme DACUM Plus?'><button id='bg-showmore-action-69d27a7a61c232088283686' class='bg-showmore-plg-button bg-blue-button bg-arrow '   style=\" color:#FFFFFF;\">Quelles sont les formations et les certifications offertes dans le cadre du programme DACUM Plus?<\/button><div id='bg-showmore-hidden-69d27a7a61c232088283686' ><\/p>\n<h4>Modules de formation<\/h4>\n<ul>\n<li>DACUM <em>Plus<\/em>: Mod\u00e8le de gestion des comp\u00e9tences<\/li>\n<li>DACUM I \u2013 Facilitateur d\u2019analyses DACUM<\/li>\n<li>DACUM II \u2013 Facilitateur DACUM de d\u00e9veloppement de programmes<\/li>\n<\/ul>\n<p><strong>Mode de diffusion<\/strong>: Ateliers publics ou priv\u00e9s<br \/>\n<strong>Format<\/strong> : Pr\u00e9sentiel ou virtuel<\/p>\n<p>&nbsp;<\/p>\n<h4>Programmes de certification<\/h4>\n<ul>\n<li>Certificat I \u2013 Certification internationale Facilitateur d\u2019analyses DACUM<br \/>\n<strong>Pr\u00e9requis<\/strong>: Avoir suivi les modules DACUM I et DACUM II ou toute formation \u00e9quivalente reconnue par l\u2019ACFP<\/li>\n<li><em>D\u2019autres programmes de certification sont en voie de d\u00e9veloppement<\/em><\/li>\n<\/ul>\n<p>&nbsp;<\/p>\n<h4>Frais d\u2019inscription<\/h4>\n<p>$550 par personne, par programme de certification<br \/>\n<\/div>\n<\/div>\n<\/div><\/div><\/div><div id=\"panel-10089-1-0-1\" class=\"so-panel widget widget_sow-editor widgetopts-SO\" data-index=\"3\" ><div class=\"toggle_box panel-widget-style panel-widget-style-for-10089-1-0-1\" ><div\n\t\t\t\n\t\t\tclass=\"so-widget-sow-editor so-widget-sow-editor-base\"\n\t\t\t\n\t\t>\n<div class=\"siteorigin-widget-tinymce textwidget\">\n\t<input type='hidden' bg_collapse_expand='69d27a7a622041065900689' value='69d27a7a622041065900689'><input type='hidden' id='bg-show-more-text-69d27a7a622041065900689' value='Quels sont les d\u00e9tails de chaque module de formation?'><input type='hidden' id='bg-show-less-text-69d27a7a622041065900689' value='Quels sont les d\u00e9tails de chaque module de formation?'><button id='bg-showmore-action-69d27a7a622041065900689' class='bg-showmore-plg-button bg-blue-button bg-arrow '   style=\" color:#FFFFFF;\">Quels sont les d\u00e9tails de chaque module de formation?<\/button><div id='bg-showmore-hidden-69d27a7a622041065900689' ><\/p>\n<h3>DACUM <em>PLUS<\/em> MOD\u00c8LE DE GESTION DES COMP\u00c9TENCES<\/h3>\n<h4>Objectifs du s\u00e9minaire<\/h4>\n<p>Au terme de ce s\u00e9minaire, les participants seront capables de:<\/p>\n<ul>\n<li>D\u00e9crire les principes et caract\u00e9ristiques du mod\u00e8le DACUM <em>Plus<\/em>;<\/li>\n<li>\u00c9valuer ses points forts et ses avantages;<\/li>\n<li>Analyser les conditions requises pour une implantation r\u00e9ussie du mod\u00e8le DACUM <em>Plus<\/em><\/li>\n<\/ul>\n<p>&nbsp;<\/p>\n<h4>Public cible<\/h4>\n<p>Les dirigeants et autres personnes responsables de la gestion des comp\u00e9tences dans une organisation.<\/p>\n<h4>Dur\u00e9e<\/h4>\n<p>Maximum 3 heures<\/p>\n<h4>Nombre de participant(s)<\/h4>\n<p>De 1 \u00e0 25 participant(s)<\/p>\n<h4>Co\u00fbt d&apos;inscription<\/h4>\n<p>500$CAN (taxes excl.) par personne<\/p>\n<p>&nbsp;<\/p>\n<h3>DACUM I \u2013 FACILITATEUR D\u2019ANALYSES DACUM<\/h3>\n<h4>Objectifs de l\u2019atelier<\/h4>\n<p>Au terme de cet atelier, les participants seront capables de:<\/p>\n<ul>\n<li>Orienter les membres d\u2019un groupe de praticiens experts sur la proc\u00e9dure \u00e0 suivre pour r\u00e9aliser une analyse DACUM<\/li>\n<li>Cr\u00e9er un groupe de praticiens experts<\/li>\n<li>Faciliter une analyse DACUM<\/li>\n<\/ul>\n<p>&nbsp;<\/p>\n<h4>Publics cibles<\/h4>\n<ul>\n<li>Des employ\u00e9s du gouvernement responsables de coordonner la cr\u00e9ation ou la mise \u00e0 jour de normes professionnelles<\/li>\n<li>Des sp\u00e9cialistes en d\u00e9veloppement de curriculum ou de programmes de formation<\/li>\n<li>Des enseignants, formateurs, professeurs, ou toute autre personne appel\u00e9e \u00e0 coordonner ce type d\u2019analyse<\/li>\n<\/ul>\n<p>&nbsp;<\/p>\n<h4>Dur\u00e9e<\/h4>\n<p>5 jours cons\u00e9cutifs<\/p>\n<h4>Plan de l\u2019atelier<\/h4>\n<ol>\n<li>Simulation d\u2019une analyse DACUM<\/li>\n<li>Origines, caract\u00e9ristiques d\u2019une analyse DACUM et ses utilisations<\/li>\n<li>Pr\u00e9parer une analyse DACUM<\/li>\n<li>Faciliter une analyse DACUM<\/li>\n<li>Produire les r\u00e9sultats d\u2019une analyse DACUM<\/li>\n<\/ol>\n<p>&nbsp;<\/p>\n<h4>Nombre de participants<\/h4>\n<p>Un minimum de 8 jusqu\u2019\u00e0 un maximum de 15 participants<\/p>\n<h4>Co\u00fbt d\u2019inscription<\/h4>\n<p>Format virtuel: 1750$CAN (taxes excl.) par personne<\/p>\n<p>En pr\u00e9sentiel: 1950$CAN (taxes excl.) par personne<\/p>\n<p>&nbsp;<\/p>\n<h3>DACUM II \u2013 FACILITATEUR DACUM DU D\u00c9VELOPPEMENT DE PROGRAMMES DE FORMATION SELON L\u2019APPROCHE PAR COMP\u00c9TENCE<\/h3>\n<h4>Objectif de l\u2019atelier<\/h4>\n<p>Au terme de cet atelier, les participants seront capables d\u2019utiliser une analyse DACUM pour d\u00e9velopper un programme de formation selon l\u2019approche par comp\u00e9tence.<\/p>\n<h4>Publics cibles<\/h4>\n<ul>\n<li>Des sp\u00e9cialistes en d\u00e9veloppement de curriculum ou de programmes de formation<\/li>\n<li>Des enseignants, formateurs, professeurs, ou toute autre personne appel\u00e9e \u00e0 d\u00e9velopper ce type de formation<\/li>\n<\/ul>\n<p>&nbsp;<\/p>\n<h4>Dur\u00e9e<\/h4>\n<p>5 jours cons\u00e9cutifs<\/p>\n<h4>Plan de l\u2019atelier<\/h4>\n<ol>\n<li>Le mod\u00e8le DACUM de formation par comp\u00e9tence<\/li>\n<li>L\u2019\u00e9laboration d\u2019un devis de programme<\/li>\n<li>La r\u00e9alisation d\u2019une analyse d\u00e9taill\u00e9e des comp\u00e9tences<\/li>\n<li>Le d\u00e9veloppement d\u2019unit\u00e9s d\u2019apprentissage par comp\u00e9tence<\/li>\n<\/ol>\n<p>&nbsp;<\/p>\n<h4>Nombre de participants<\/h4>\n<p>Un minimum de 8 jusqu\u2019\u00e0 un maximum de 15 participants<\/p>\n<h4>Co\u00fbt d\u2019inscription<\/h4>\n<p>Format virtuel: 1750$CAN (taxes excl.) par personne<\/p>\n<p>En pr\u00e9sentiel: 1950$CAN (taxes excl.) par personne<\/p>\n<p><\/div>\n<\/div>\n<\/div><\/div><\/div><div id=\"panel-10089-1-0-2\" class=\"so-panel widget widget_sow-editor widgetopts-SO\" data-index=\"4\" ><div class=\"toggle_box panel-widget-style panel-widget-style-for-10089-1-0-2\" ><div\n\t\t\t\n\t\t\tclass=\"so-widget-sow-editor so-widget-sow-editor-base\"\n\t\t\t\n\t\t>\n<div class=\"siteorigin-widget-tinymce textwidget\">\n\t<input type='hidden' bg_collapse_expand='69d27a7a6272e9026415245' value='69d27a7a6272e9026415245'><input type='hidden' id='bg-show-more-text-69d27a7a6272e9026415245' value='Quels sont les d\u00e9tails de chaque programme de certification DACUM?'><input type='hidden' id='bg-show-less-text-69d27a7a6272e9026415245' value='Quels sont les d\u00e9tails de chaque programme de certification DACUM?'><button id='bg-showmore-action-69d27a7a6272e9026415245' class='bg-showmore-plg-button bg-blue-button bg-arrow '   style=\" color:#FFFFFF;\">Quels sont les d\u00e9tails de chaque programme de certification DACUM?<\/button><div id='bg-showmore-hidden-69d27a7a6272e9026415245' >Documents \u00e0 venir...<\/div>\n<\/div>\n<\/div><\/div><\/div><div id=\"panel-10089-1-0-3\" class=\"so-panel widget widget_sow-editor widgetopts-SO\" data-index=\"5\" ><div class=\"toggle_box panel-widget-style panel-widget-style-for-10089-1-0-3\" ><div\n\t\t\t\n\t\t\tclass=\"so-widget-sow-editor so-widget-sow-editor-base\"\n\t\t\t\n\t\t>\n<div class=\"siteorigin-widget-tinymce textwidget\">\n\t<input type='hidden' bg_collapse_expand='69d27a7a629df4001193769' value='69d27a7a629df4001193769'><input type='hidden' id='bg-show-more-text-69d27a7a629df4001193769' value='Pourquoi y a-t-il une distinction entre la formation et la certification DACUM de l\u2019ACFP?'><input type='hidden' id='bg-show-less-text-69d27a7a629df4001193769' value='Pourquoi y a-t-il une distinction entre la formation et la certification DACUM de l\u2019ACFP?'><button id='bg-showmore-action-69d27a7a629df4001193769' class='bg-showmore-plg-button bg-blue-button bg-arrow '   style=\" color:#FFFFFF;\">Pourquoi y a-t-il une distinction entre la formation et la certification DACUM de l\u2019ACFP?<\/button><div id='bg-showmore-hidden-69d27a7a629df4001193769' >La participation \u00e0 un atelier de formation suivie d\u2019une exp\u00e9rimentation de la m\u00e9thode permet \u00e0 chaque participant d&apos;acqu\u00e9rir les comp\u00e9tences et connaissances fondamentales pour faciliter une analyse professionnelle (DACUM I) et faciliter le d\u00e9veloppement d&apos;un programme selon l\u2019approche par comp\u00e9tence (DACUM II).<\/p>\n<p>Cependant, une plus grande exp\u00e9rience pratique reste n\u00e9cessaire pour acqu\u00e9rir le niveau d&apos;autonomie et d&apos;expertise requis. D&apos;o\u00f9 les programmes de certification par comp\u00e9tence propos\u00e9s par l\u2019ACFP en compl\u00e9ment aux ateliers de formation initiale.<\/div>\n<\/div>\n<\/div><\/div><\/div><div id=\"panel-10089-1-0-4\" class=\"so-panel widget widget_sow-editor widgetopts-SO\" data-index=\"6\" ><div class=\"toggle_box panel-widget-style panel-widget-style-for-10089-1-0-4\" ><div\n\t\t\t\n\t\t\tclass=\"so-widget-sow-editor so-widget-sow-editor-base\"\n\t\t\t\n\t\t>\n<div class=\"siteorigin-widget-tinymce textwidget\">\n\t<input type='hidden' bg_collapse_expand='69d27a7a62ca22086122057' value='69d27a7a62ca22086122057'><input type='hidden' id='bg-show-more-text-69d27a7a62ca22086122057' value='Quelle est la valeur ajout\u00e9e d&#039;\u00eatre un facilitateur DACUM certifi\u00e9 par l\u2019ACFP?'><input type='hidden' id='bg-show-less-text-69d27a7a62ca22086122057' value='Quelle est la valeur ajout\u00e9e d&#039;\u00eatre un facilitateur DACUM certifi\u00e9 par l\u2019ACFP?'><button id='bg-showmore-action-69d27a7a62ca22086122057' class='bg-showmore-plg-button bg-blue-button bg-arrow '   style=\" color:#FFFFFF;\">Quelle est la valeur ajout\u00e9e d&#039;\u00eatre un facilitateur DACUM certifi\u00e9 par l\u2019ACFP?<\/button><div id='bg-showmore-hidden-69d27a7a62ca22086122057' ><\/p>\n<ul>\n<li>D\u00e9tenir une attestation officielle d\u00e9livr\u00e9e par une association jouissant d\u2019une solide r\u00e9putation dans le domaine de l\u2019\u00e9ducation et de la formation tant au Canada qu\u2019\u00e0 l\u2019international renforce sa cr\u00e9dibilit\u00e9 professionnelle<\/li>\n<li>Le nom de chaque Facilitateur DACUM certifi\u00e9 par l\u2019ACFP appara\u00eet sur un registre international accessible sur le site internet de l\u2019ACFP<\/li>\n<\/ul>\n<p><\/div>\n<\/div>\n<\/div><\/div><\/div><div id=\"panel-10089-1-0-5\" class=\"so-panel widget widget_sow-editor widgetopts-SO\" data-index=\"7\" ><div class=\"toggle_box panel-widget-style panel-widget-style-for-10089-1-0-5\" ><div\n\t\t\t\n\t\t\tclass=\"so-widget-sow-editor so-widget-sow-editor-base\"\n\t\t\t\n\t\t>\n<div class=\"siteorigin-widget-tinymce textwidget\">\n\t<input type='hidden' bg_collapse_expand='69d27a7a62f2f9016262491' value='69d27a7a62f2f9016262491'><input type='hidden' id='bg-show-more-text-69d27a7a62f2f9016262491' value='Quelle est la philosophie de l\u2019ACFP en ce qui concerne la diffusion du mod\u00e8le DACUM?'><input type='hidden' id='bg-show-less-text-69d27a7a62f2f9016262491' value='Quelle est la philosophie de l\u2019ACFP en ce qui concerne la diffusion du mod\u00e8le DACUM?'><button id='bg-showmore-action-69d27a7a62f2f9016262491' class='bg-showmore-plg-button bg-blue-button bg-arrow '   style=\" color:#FFFFFF;\">Quelle est la philosophie de l\u2019ACFP en ce qui concerne la diffusion du mod\u00e8le DACUM?<\/button><div id='bg-showmore-hidden-69d27a7a62f2f9016262491' >Faire en sorte que chaque pays et chaque organisation ayant choisi cette m\u00e9thode ait, au terme d\u2019un processus d\u2019apprentissage, d\u00e9velopp\u00e9 la capacit\u00e9 (i) de faciliter des analyses de m\u00e9tiers et de professions et (ii) de coordonner le d\u00e9veloppement ou la r\u00e9vision de programmes de formation par comp\u00e9tence conformes aux normes de qualit\u00e9 de l\u2019ACFP.<\/div>\n<\/div>\n<\/div><\/div><\/div><div id=\"panel-10089-1-0-6\" class=\"so-panel widget widget_sow-button panel-last-child widgetopts-SO\" data-index=\"8\" ><div id=\"expert_assistance\" class=\"panel-widget-style panel-widget-style-for-10089-1-0-6\" ><div\n\t\t\t\n\t\t\tclass=\"so-widget-sow-button so-widget-sow-button-atom-08fca385ac61-10089\"\n\t\t\t\n\t\t><div class=\"ow-button-base ow-button-align-left\"\n>\n\t\t\t<a\n\t\t\t\t\thref=\"https:\/\/cva-acfp.org\/fr\/inscription-aux-formations\/\"\n\t\t\t\t\tclass=\"sowb-button ow-icon-placement-left ow-button-hover\" \t>\n\t\t<span>\n\t\t\t<span class=\"sow-icon-fontawesome sow-far\" data-sow-icon=\"&#xf2bb;\"\n\t\tstyle=\"color: #ffffff\" \n\t\taria-hidden=\"true\"><\/span>\n\t\t\tINSCRIPTION\t\t<\/span>\n\t\t\t<\/a>\n\t<\/div>\n<\/div><\/div><\/div><\/div><div id=\"pgc-10089-1-1\"  class=\"panel-grid-cell\" ><div id=\"panel-10089-1-1-0\" class=\"so-panel widget widget_sow-image panel-first-child panel-last-child widgetopts-SO\" data-index=\"9\" ><div\n\t\t\t\n\t\t\tclass=\"so-widget-sow-image so-widget-sow-image-default-8b5b6f678277-10089\"\n\t\t\t\n\t\t>\n<div class=\"sow-image-container\">\n\t\t<img \n\tsrc=\"https:\/\/cva-acfp.org\/wp-content\/uploads\/image-dacum-plus-training-2.png\" width=\"612\" height=\"612\" srcset=\"https:\/\/cva-acfp.org\/wp-content\/uploads\/image-dacum-plus-training-2.png 612w, https:\/\/cva-acfp.org\/wp-content\/uploads\/image-dacum-plus-training-2-300x300.png 300w, https:\/\/cva-acfp.org\/wp-content\/uploads\/image-dacum-plus-training-2-150x150.png 150w\" sizes=\"(max-width: 612px) 100vw, 612px\" alt=\"\" \t\tclass=\"so-widget-image\"\/>\n\t<\/div>\n\n<\/div><\/div><\/div><\/div><div id=\"pg-10089-2\"  class=\"panel-grid panel-no-style\" ><div id=\"pgc-10089-2-0\"  class=\"panel-grid-cell\" ><div id=\"panel-10089-2-0-0\" class=\"so-panel widget widget_sow-editor panel-first-child widgetopts-SO\" data-index=\"10\" ><div\n\t\t\t\n\t\t\tclass=\"so-widget-sow-editor so-widget-sow-editor-base\"\n\t\t\t\n\t\t>\n<div class=\"siteorigin-widget-tinymce textwidget\">\n\t<h3>Soutien d'experts<\/h3>\n<\/div>\n<\/div><\/div><div id=\"panel-10089-2-0-1\" class=\"so-panel widget widget_sow-editor widgetopts-SO\" data-index=\"11\" ><div class=\"toggle_box panel-widget-style panel-widget-style-for-10089-2-0-1\" ><div\n\t\t\t\n\t\t\tclass=\"so-widget-sow-editor so-widget-sow-editor-base\"\n\t\t\t\n\t\t>\n<div class=\"siteorigin-widget-tinymce textwidget\">\n\t<input type='hidden' bg_collapse_expand='69d27a7a6ab0a7020565291' value='69d27a7a6ab0a7020565291'><input type='hidden' id='bg-show-more-text-69d27a7a6ab0a7020565291' value='Quel type de soutien est propos\u00e9 par les experts de l\u2019ACFP?'><input type='hidden' id='bg-show-less-text-69d27a7a6ab0a7020565291' value='Quel type de soutien est propos\u00e9 par les experts de l\u2019ACFP?'><button id='bg-showmore-action-69d27a7a6ab0a7020565291' class='bg-showmore-plg-button bg-blue-button bg-arrow '   style=\" color:#FFFFFF;\">Quel type de soutien est propos\u00e9 par les experts de l\u2019ACFP?<\/button><div id='bg-showmore-hidden-69d27a7a6ab0a7020565291' >Ce service est offert aux organisations ayant besoin d\u2019un soutien d\u2019expertise sur tout projet impliquant la r\u00e9alisation d\u2019une analyse DACUM.<\/div>\n<\/div>\n<\/div><\/div><\/div><div id=\"panel-10089-2-0-2\" class=\"so-panel widget widget_sow-editor widgetopts-SO\" data-index=\"12\" ><div class=\"toggle_box panel-widget-style panel-widget-style-for-10089-2-0-2\" ><div\n\t\t\t\n\t\t\tclass=\"so-widget-sow-editor so-widget-sow-editor-base\"\n\t\t\t\n\t\t>\n<div class=\"siteorigin-widget-tinymce textwidget\">\n\t<input type='hidden' bg_collapse_expand='69d27a7a6ade21077576016' value='69d27a7a6ade21077576016'><input type='hidden' id='bg-show-more-text-69d27a7a6ade21077576016' value='Quelles sont les qualifications des experts DACUM de l&#039;ACFP?'><input type='hidden' id='bg-show-less-text-69d27a7a6ade21077576016' value='Quelles sont les qualifications des experts DACUM de l&#039;ACFP?'><button id='bg-showmore-action-69d27a7a6ade21077576016' class='bg-showmore-plg-button bg-blue-button bg-arrow '   style=\" color:#FFFFFF;\">Quelles sont les qualifications des experts DACUM de l&#039;ACFP?<\/button><div id='bg-showmore-hidden-69d27a7a6ade21077576016' >Ils sont tous des facilitateurs d&apos;analyse DACUM certifi\u00e9s par l&apos;ACFP.<\/div>\n<\/div>\n<\/div><\/div><\/div><div id=\"panel-10089-2-0-3\" class=\"so-panel widget widget_sow-editor widgetopts-SO\" data-index=\"13\" ><div class=\"toggle_box panel-widget-style panel-widget-style-for-10089-2-0-3\" ><div\n\t\t\t\n\t\t\tclass=\"so-widget-sow-editor so-widget-sow-editor-base\"\n\t\t\t\n\t\t>\n<div class=\"siteorigin-widget-tinymce textwidget\">\n\t<input type='hidden' bg_collapse_expand='69d27a7a6b0bc2009340703' value='69d27a7a6b0bc2009340703'><input type='hidden' id='bg-show-more-text-69d27a7a6b0bc2009340703' value='Comment obtenir l&#039;assistance d&#039;experts de l&#039;ACFP?'><input type='hidden' id='bg-show-less-text-69d27a7a6b0bc2009340703' value='Comment obtenir l&#039;assistance d&#039;experts de l&#039;ACFP?'><button id='bg-showmore-action-69d27a7a6b0bc2009340703' class='bg-showmore-plg-button bg-blue-button bg-arrow '   style=\" color:#FFFFFF;\">Comment obtenir l&#039;assistance d&#039;experts de l&#039;ACFP?<\/button><div id='bg-showmore-hidden-69d27a7a6b0bc2009340703' >Voir la page <a href=\"https:\/\/cva-acfp.org\/fr\/nous-contacter\/\" title=\"Voir le formulaire de contact\">NOUS CONTACTER<\/a><\/div>\n<\/div>\n<\/div><\/div><\/div><div id=\"panel-10089-2-0-4\" class=\"so-panel widget widget_sow-editor widgetopts-SO\" data-index=\"14\" ><div class=\"toggle_box panel-widget-style panel-widget-style-for-10089-2-0-4\" ><div\n\t\t\t\n\t\t\tclass=\"so-widget-sow-editor so-widget-sow-editor-base\"\n\t\t\t\n\t\t>\n<div class=\"siteorigin-widget-tinymce textwidget\">\n\t<input type='hidden' bg_collapse_expand='69d27a7a6b3fc1079214345' value='69d27a7a6b3fc1079214345'><input type='hidden' id='bg-show-more-text-69d27a7a6b3fc1079214345' value='Combien co\u00fbte les services d\u2019un expert de l\u2019ACFP?'><input type='hidden' id='bg-show-less-text-69d27a7a6b3fc1079214345' value='Combien co\u00fbte les services d\u2019un expert de l\u2019ACFP?'><button id='bg-showmore-action-69d27a7a6b3fc1079214345' class='bg-showmore-plg-button bg-blue-button bg-arrow '   style=\" color:#FFFFFF;\">Combien co\u00fbte les services d\u2019un expert de l\u2019ACFP?<\/button><div id='bg-showmore-hidden-69d27a7a6b3fc1079214345' >Les honoraires sont d\u00e9termin\u00e9s conjointement par l&apos;ACFP et l&apos;expert d\u00e9sign\u00e9, selon le soutien demand\u00e9.<\/div>\n<\/div>\n<\/div><\/div><\/div><div id=\"panel-10089-2-0-5\" class=\"so-panel widget widget_sow-button panel-last-child widgetopts-SO\" data-index=\"15\" ><div class=\"panel-widget-style panel-widget-style-for-10089-2-0-5\" ><div\n\t\t\t\n\t\t\tclass=\"so-widget-sow-button so-widget-sow-button-atom-08fca385ac61-10089\"\n\t\t\t\n\t\t><div class=\"ow-button-base ow-button-align-left\"\n>\n\t\t\t<a\n\t\t\t\t\thref=\"https:\/\/cva-acfp.org\/fr\/nous-contacter\/\"\n\t\t\t\t\tclass=\"sowb-button ow-icon-placement-left ow-button-hover\" \t>\n\t\t<span>\n\t\t\t<span class=\"sow-icon-fontawesome sow-far\" data-sow-icon=\"&#xf0e0;\"\n\t\tstyle=\"color: #ffffff\" \n\t\taria-hidden=\"true\"><\/span>\n\t\t\tNOUS CONTACTER\t\t<\/span>\n\t\t\t<\/a>\n\t<\/div>\n<\/div><\/div><\/div><\/div><\/div><\/div>","protected":false},"excerpt":{"rendered":"<p>LES PROGRAMMES DE FORMATION ET DE CERTIFICATION DACUM DE L&rsquo;ACFP Le programme de formation et de certification \u00e0 la m\u00e9thode DACUM de l\u2019ACFP a \u00e9t\u00e9 inaugur\u00e9 en 1993. Il a \u00e9t\u00e9 initialement d\u00e9velopp\u00e9 par Larry Coffin, cofondateur du Holland College <span class=\"excerpt-dots\">&hellip;<\/span> <a class=\"more-link\" href=\"https:\/\/cva-acfp.org\/fr\/services-dacum-plus\/\"><span class=\"more-msg\">Lire la suite &rarr;<\/span><\/a><\/p>\n","protected":false},"author":7,"featured_media":0,"parent":0,"menu_order":30,"comment_status":"closed","ping_status":"closed","template":"","meta":{"_monsterinsights_skip_tracking":false,"_monsterinsights_sitenote_active":false,"_monsterinsights_sitenote_note":"","_monsterinsights_sitenote_category":0,"footnotes":""},"class_list":["post-10089","page","type-page","status-publish","hentry"],"_links":{"self":[{"href":"https:\/\/cva-acfp.org\/fr\/wp-json\/wp\/v2\/pages\/10089","targetHints":{"allow":["GET"]}}],"collection":[{"href":"https:\/\/cva-acfp.org\/fr\/wp-json\/wp\/v2\/pages"}],"about":[{"href":"https:\/\/cva-acfp.org\/fr\/wp-json\/wp\/v2\/types\/page"}],"author":[{"embeddable":true,"href":"https:\/\/cva-acfp.org\/fr\/wp-json\/wp\/v2\/users\/7"}],"replies":[{"embeddable":true,"href":"https:\/\/cva-acfp.org\/fr\/wp-json\/wp\/v2\/comments?post=10089"}],"version-history":[{"count":67,"href":"https:\/\/cva-acfp.org\/fr\/wp-json\/wp\/v2\/pages\/10089\/revisions"}],"predecessor-version":[{"id":11880,"href":"https:\/\/cva-acfp.org\/fr\/wp-json\/wp\/v2\/pages\/10089\/revisions\/11880"}],"wp:attachment":[{"href":"https:\/\/cva-acfp.org\/fr\/wp-json\/wp\/v2\/media?parent=10089"}],"curies":[{"name":"wp","href":"https:\/\/api.w.org\/{rel}","templated":true}]}}